{"id":6759,"date":"2018-02-20T16:33:51","date_gmt":"2018-02-20T16:33:51","guid":{"rendered":"https:\/\/polskigrill.com\/product\/manivela-gratarului\/"},"modified":"2018-02-20T16:33:51","modified_gmt":"2018-02-20T16:33:51","slug":"manivela-gratarului","status":"publish","type":"product","link":"https:\/\/polskigrill.com\/ro\/product\/manivela-gratarului\/","title":{"rendered":"Manivela gr\u0103tarului"},"content":{"rendered":"<p><strong>Manivela<\/strong> pentru gr\u0103tar PolskiGrill este solu\u021bia perfect\u0103 pentru persoanele care doresc s\u0103 u\u0219ureze actul de reglare a \u00een\u0103l\u021bimii gr\u0103tarului. Elementele arse cu laser \u0219i aten\u021bia la detalii \u00een timpul produc\u021biei v\u0103 vor asigura un produs estetic pl\u0103cut \u0219i func\u021bional. <\/p>\n<p>Manivela este fabricat\u0103 din tabl\u0103 groas\u0103, asigur\u00e2nd stabilitate chiar \u0219i \u00een cazul gr\u0103tarelor grele. Tamburul se monteaz\u0103 u\u0219or pe gr\u0103tarele existente cu ajutorul \u0219uruburilor de montare incluse. <\/p>\n<p>M\u00e2nerul este vopsit negru mat, care, combinat cu m\u00e2nerul din lemn, adaug\u0103 o not\u0103 \u0219ic \u0219i elegant\u0103.<\/p>\n<p>Montare: dou\u0103 \u0219uruburi M6<\/p>\n","protected":false},"excerpt":{"rendered":"<p>Manivela pentru gr\u0103tar PolskiGrill este solu\u021bia perfect\u0103 pentru persoanele care doresc s\u0103 u\u0219ureze actul de reglare a \u00een\u0103l\u021bimii gr\u0103tarului. Elementele arse cu laser \u0219i aten\u021bia la<span class=\"excerpt-hellip\"> [\u2026]<\/span><\/p>\n","protected":false},"featured_media":2711,"comment_status":"open","ping_status":"closed","template":"","meta":[],"product_brand":[],"product_cat":[329,227],"product_tag":[],"class_list":{"0":"post-6759","1":"product","2":"type-product","3":"status-publish","4":"has-post-thumbnail","6":"product_cat-pentru-pasionatii-de-bricolaj","7":"product_cat-bez-kategorii","9":"first","10":"instock","11":"taxable","12":"shipping-taxable","13":"purchasable","14":"product-type-simple"},"_links":{"self":[{"href":"https:\/\/polskigrill.com\/ro\/wp-json\/wp\/v2\/product\/6759","targetHints":{"allow":["GET"]}}],"collection":[{"href":"https:\/\/polskigrill.com\/ro\/wp-json\/wp\/v2\/product"}],"about":[{"href":"https:\/\/polskigrill.com\/ro\/wp-json\/wp\/v2\/types\/product"}],"replies":[{"embeddable":true,"href":"https:\/\/polskigrill.com\/ro\/wp-json\/wp\/v2\/comments?post=6759"}],"wp:featuredmedia":[{"embeddable":true,"href":"https:\/\/polskigrill.com\/ro\/wp-json\/wp\/v2\/media\/2711"}],"wp:attachment":[{"href":"https:\/\/polskigrill.com\/ro\/wp-json\/wp\/v2\/media?parent=6759"}],"wp:term":[{"taxonomy":"product_brand","embeddable":true,"href":"https:\/\/polskigrill.com\/ro\/wp-json\/wp\/v2\/product_brand?post=6759"},{"taxonomy":"product_cat","embeddable":true,"href":"https:\/\/polskigrill.com\/ro\/wp-json\/wp\/v2\/product_cat?post=6759"},{"taxonomy":"product_tag","embeddable":true,"href":"https:\/\/polskigrill.com\/ro\/wp-json\/wp\/v2\/product_tag?post=6759"}],"curies":[{"name":"wp","href":"https:\/\/api.w.org\/{rel}","templated":true}]}}