{"id":6755,"date":"2018-02-12T08:20:14","date_gmt":"2018-02-12T08:20:14","guid":{"rendered":"https:\/\/polskigrill.com\/product\/gratar-cu-carbune-premium\/"},"modified":"2018-02-12T08:20:14","modified_gmt":"2018-02-12T08:20:14","slug":"gratar-cu-carbune-premium","status":"publish","type":"product","link":"https:\/\/polskigrill.com\/ro\/product\/gratar-cu-carbune-premium\/","title":{"rendered":"Gr\u0103tar cu c\u0103rbune PREMIUM"},"content":{"rendered":"<p>Un gr\u0103tar de gr\u0103din\u0103 cu un gr\u0103tar din o\u021bel inoxidabil care m\u0103soar\u0103 60&#215;40 cm. Cutia gr\u0103tarului este fabricat\u0103 din tabl\u0103 groas\u0103 de 3 mm, ceva ce nu ve\u021bi vedea la concuren\u021b\u0103. \u00cen plus, gr\u0103tarul este echipat cu un sertar pentru cenu\u0219\u0103, astfel \u00eenc\u00e2t cur\u0103\u021barea sa este foarte u\u0219oar\u0103.  <\/p>\n<p>Gr\u0103tarul pentru gr\u0103tar este fabricat din o\u021bel inoxidabil de \u00eenalt\u0103 calitate pentru uz alimentar.<\/p>\n<p>Rafturile laterale mari ale gr\u0103tarului ofer\u0103 confort la gr\u0103tar. Acestea g\u0103zduiesc cu calm o farfurie mare. De asemenea, rafturile servesc drept m\u00e2nere pentru transportul gr\u0103tarului.<\/p>\n","protected":false},"excerpt":{"rendered":"<p>Un gr\u0103tar de gr\u0103din\u0103 cu un gr\u0103tar din o\u021bel inoxidabil care m\u0103soar\u0103 60&#215;40 cm. Cutia gr\u0103tarului este fabricat\u0103 din tabl\u0103 groas\u0103 de 3 mm, ceva ce<span class=\"excerpt-hellip\"> [\u2026]<\/span><\/p>\n","protected":false},"featured_media":2459,"comment_status":"open","ping_status":"closed","template":"","meta":[],"product_brand":[],"product_cat":[297],"product_tag":[],"class_list":{"0":"post-6755","1":"product","2":"type-product","3":"status-publish","4":"has-post-thumbnail","6":"product_cat-barbeque-de-gradina","8":"first","9":"onbackorder","10":"taxable","11":"shipping-taxable","12":"purchasable","13":"product-type-simple"},"_links":{"self":[{"href":"https:\/\/polskigrill.com\/ro\/wp-json\/wp\/v2\/product\/6755","targetHints":{"allow":["GET"]}}],"collection":[{"href":"https:\/\/polskigrill.com\/ro\/wp-json\/wp\/v2\/product"}],"about":[{"href":"https:\/\/polskigrill.com\/ro\/wp-json\/wp\/v2\/types\/product"}],"replies":[{"embeddable":true,"href":"https:\/\/polskigrill.com\/ro\/wp-json\/wp\/v2\/comments?post=6755"}],"wp:featuredmedia":[{"embeddable":true,"href":"https:\/\/polskigrill.com\/ro\/wp-json\/wp\/v2\/media\/2459"}],"wp:attachment":[{"href":"https:\/\/polskigrill.com\/ro\/wp-json\/wp\/v2\/media?parent=6755"}],"wp:term":[{"taxonomy":"product_brand","embeddable":true,"href":"https:\/\/polskigrill.com\/ro\/wp-json\/wp\/v2\/product_brand?post=6755"},{"taxonomy":"product_cat","embeddable":true,"href":"https:\/\/polskigrill.com\/ro\/wp-json\/wp\/v2\/product_cat?post=6755"},{"taxonomy":"product_tag","embeddable":true,"href":"https:\/\/polskigrill.com\/ro\/wp-json\/wp\/v2\/product_tag?post=6755"}],"curies":[{"name":"wp","href":"https:\/\/api.w.org\/{rel}","templated":true}]}}