{"id":6677,"date":"2018-03-19T15:00:32","date_gmt":"2018-03-19T15:00:32","guid":{"rendered":"https:\/\/polskigrill.com\/produkty\/fara-categorie\/franghie-din-otel-inoxidabil-25-m\/"},"modified":"2018-03-19T15:00:32","modified_gmt":"2018-03-19T15:00:32","slug":"franghie-din-otel-inoxidabil-25-m","status":"publish","type":"product","link":"https:\/\/polskigrill.com\/ro\/product\/franghie-din-otel-inoxidabil-25-m\/","title":{"rendered":"Fr\u00e2nghie din o\u021bel inoxidabil 2,5 m"},"content":{"rendered":"<p>Fr\u00e2nghie moale din o\u021bel inoxidabil de 3 mm grosime cu &#8222;urechi&#8221; r\u0103sucite la capete - fr\u00e2nghia func\u021bioneaz\u0103 cel mai bine cu manivela noastr\u0103, cu care formeaz\u0103 un mecanism silen\u021bios pentru ridicarea \u0219i cobor\u00e2rea gr\u0103tarelor.<\/p>\n<p>Lungime fr\u00e2nghie: 250 cm: <strong>250 cm<\/strong><br \/>\nGrosimea fr\u00e2nghiei: <strong>3 mm<\/strong><\/p>\n","protected":false},"excerpt":{"rendered":"<p>Fr\u00e2nghie moale din o\u021bel inoxidabil de 3 mm grosime cu &#8222;urechi&#8221; r\u0103sucite la capete - fr\u00e2nghia func\u021bioneaz\u0103 cel mai bine cu manivela noastr\u0103, cu care formeaz\u0103<span class=\"excerpt-hellip\"> [\u2026]<\/span><\/p>\n","protected":false},"featured_media":2999,"comment_status":"open","ping_status":"closed","template":"","meta":[],"product_brand":[],"product_cat":[329],"product_tag":[],"class_list":{"0":"post-6677","1":"product","2":"type-product","3":"status-publish","4":"has-post-thumbnail","6":"product_cat-pentru-pasionatii-de-bricolaj","8":"first","9":"instock","10":"taxable","11":"shipping-taxable","12":"purchasable","13":"product-type-simple"},"_links":{"self":[{"href":"https:\/\/polskigrill.com\/ro\/wp-json\/wp\/v2\/product\/6677","targetHints":{"allow":["GET"]}}],"collection":[{"href":"https:\/\/polskigrill.com\/ro\/wp-json\/wp\/v2\/product"}],"about":[{"href":"https:\/\/polskigrill.com\/ro\/wp-json\/wp\/v2\/types\/product"}],"replies":[{"embeddable":true,"href":"https:\/\/polskigrill.com\/ro\/wp-json\/wp\/v2\/comments?post=6677"}],"wp:featuredmedia":[{"embeddable":true,"href":"https:\/\/polskigrill.com\/ro\/wp-json\/wp\/v2\/media\/2999"}],"wp:attachment":[{"href":"https:\/\/polskigrill.com\/ro\/wp-json\/wp\/v2\/media?parent=6677"}],"wp:term":[{"taxonomy":"product_brand","embeddable":true,"href":"https:\/\/polskigrill.com\/ro\/wp-json\/wp\/v2\/product_brand?post=6677"},{"taxonomy":"product_cat","embeddable":true,"href":"https:\/\/polskigrill.com\/ro\/wp-json\/wp\/v2\/product_cat?post=6677"},{"taxonomy":"product_tag","embeddable":true,"href":"https:\/\/polskigrill.com\/ro\/wp-json\/wp\/v2\/product_tag?post=6677"}],"curies":[{"name":"wp","href":"https:\/\/api.w.org\/{rel}","templated":true}]}}