{"id":6666,"date":"2018-08-08T10:11:58","date_gmt":"2018-08-08T10:11:58","guid":{"rendered":"https:\/\/polskigrill.com\/produkty\/fara-categorie\/gratar-rectan-din-otel-inoxidabil-cu-semineu\/"},"modified":"2018-08-08T10:11:58","modified_gmt":"2018-08-08T10:11:58","slug":"gratar-rectan-din-otel-inoxidabil-cu-semineu","status":"publish","type":"product","link":"https:\/\/polskigrill.com\/ro\/product\/gratar-rectan-din-otel-inoxidabil-cu-semineu\/","title":{"rendered":"GR\u0102TAR RECTAN din o\u021bel inoxidabil cu \u0219emineu"},"content":{"rendered":"<p><strong>\u0218emineu de gr\u0103din\u0103 cu gr\u0103tar RECTAN<\/strong><\/p>\n<p>L\u0103\u021bime total\u0103: 85 cm sau 100 cm<\/p>\n<p>L\u0103\u021bime interioar\u0103: 61 cm sau 73 cm<\/p>\n<p>\u00cen\u0103l\u021bime: 26cm sau 35cm<\/p>\n<p>Dimensiunea gr\u0103tarului: 50\u00d750cm sau 60x50cm<\/p>\n<p>\u00cen\u0103l\u021bimea maxim\u0103 a gr\u0103tarului: 60cm<\/p>\n<p><strong>\u0218emineul modern de gr\u0103din\u0103 RECTAN 85<\/strong> v\u0103 va permite s\u0103 crea\u021bi o groap\u0103 de foc \u00eempreun\u0103 cu cei dragi, f\u0103r\u0103 a deteriora solul. Designul p\u0103trat modern se potrive\u0219te perfect \u00een orice mediu. Datorit\u0103 peretelui lateral \u00eenalt al \u0219emineului, nu este nevoie s\u0103 v\u0103 face\u021bi griji cu privire la c\u0103derea brazilor sau a lemnului. Dimensiunea bine adaptat\u0103 a \u0219emineului permite arderea \u00een el a bu\u0219tenilor de lemn standard, f\u0103r\u0103 a fi nevoie de t\u0103ieri speciale.<br \/>Gr\u0103tarul \u0219i \u0219emineul sunt fabricate din materiale cu grosimea corespunz\u0103toare, r\u0103m\u00e2n rigide \u0219i vor dura mul\u021bi ani. Gr\u0103tarul este fabricat din <strong>o\u021bel inoxidabil<\/strong>, barele au o grosime de 5 mm, iar cadrul este fabricat din profil de 15\u00d715 mm.      <\/p>\n<p><strong>Gr\u0103tarul<\/strong> cu vatr\u0103 <strong>din o\u021bel inoxidabil<\/strong> a fost conceput pentru a se bloca \u00een orice pozi\u021bie \u00eel plas\u0103m. \u00cen\u0103l\u021bimea la care putem ridica gr\u0103tarul de la vatr\u0103 este de 60 cm, ceea ce v\u0103 ofer\u0103 un grad foarte ridicat de control al temperaturii pe gr\u0103tar \u0219i <strong>al gr\u0103tarului din lemn<\/strong>. Pute\u021bi ridica \u0219i schimba pozi\u021bia gr\u0103tarului f\u0103r\u0103 prea mult efort. Gr\u0103tarul este \u00een\u0219urubat cu 3 \u0219uruburi, \u00eel pute\u021bi de\u0219uruba cu u\u0219urin\u021b\u0103 \u0219i folosi vatra f\u0103r\u0103 gr\u0103tar.<\/p>\n","protected":false},"excerpt":{"rendered":"<p><strong>\u0218emineul de gr\u0103din\u0103 RECTAN<\/strong> este conceput pentru un foc de tab\u0103r\u0103 cu cei dragi, f\u0103r\u0103 a deteriora solul. Disponibil\u0103 \u00een dou\u0103 dimensiuni: <strong>85 \u0219i 100 cm<\/strong> Designul modern se va potrivi perfect \u00een orice mediu. Datorit\u0103 peretelui lateral \u00eenalt al c\u0103minului, nu trebuie s\u0103 ne facem griji cu privire la c\u0103derea brazilor sau a lemnului. <strong>Gr\u0103tarul \u0219i vatra<\/strong> sunt fabricate din materiale groase, r\u0103m\u00e2n rigide \u0219i vor dura mul\u021bi ani. Gr\u0103tarul este fabricat din <b>o\u021bel inoxidabil.<\/b>   <\/p>\n","protected":false},"featured_media":4148,"comment_status":"open","ping_status":"closed","template":"","meta":[],"product_brand":[],"product_cat":[297,298],"product_tag":[],"class_list":{"0":"post-6666","1":"product","2":"type-product","3":"status-publish","4":"has-post-thumbnail","6":"product_cat-barbeque-de-gradina","7":"product_cat-seminee-de-gradina","8":"product_shipping_class-rectan-ro","10":"first","11":"instock","12":"taxable","13":"shipping-taxable","14":"purchasable","15":"product-type-variable","16":"has-default-attributes"},"_links":{"self":[{"href":"https:\/\/polskigrill.com\/ro\/wp-json\/wp\/v2\/product\/6666","targetHints":{"allow":["GET"]}}],"collection":[{"href":"https:\/\/polskigrill.com\/ro\/wp-json\/wp\/v2\/product"}],"about":[{"href":"https:\/\/polskigrill.com\/ro\/wp-json\/wp\/v2\/types\/product"}],"replies":[{"embeddable":true,"href":"https:\/\/polskigrill.com\/ro\/wp-json\/wp\/v2\/comments?post=6666"}],"wp:featuredmedia":[{"embeddable":true,"href":"https:\/\/polskigrill.com\/ro\/wp-json\/wp\/v2\/media\/4148"}],"wp:attachment":[{"href":"https:\/\/polskigrill.com\/ro\/wp-json\/wp\/v2\/media?parent=6666"}],"wp:term":[{"taxonomy":"product_brand","embeddable":true,"href":"https:\/\/polskigrill.com\/ro\/wp-json\/wp\/v2\/product_brand?post=6666"},{"taxonomy":"product_cat","embeddable":true,"href":"https:\/\/polskigrill.com\/ro\/wp-json\/wp\/v2\/product_cat?post=6666"},{"taxonomy":"product_tag","embeddable":true,"href":"https:\/\/polskigrill.com\/ro\/wp-json\/wp\/v2\/product_tag?post=6666"}],"curies":[{"name":"wp","href":"https:\/\/api.w.org\/{rel}","templated":true}]}}