{"id":6761,"date":"2018-02-20T16:33:51","date_gmt":"2018-02-20T16:33:51","guid":{"rendered":"https:\/\/polskigrill.com\/product\/rucica-za-rostilj\/"},"modified":"2018-02-20T16:33:51","modified_gmt":"2018-02-20T16:33:51","slug":"rucica-za-rostilj","status":"publish","type":"product","link":"https:\/\/polskigrill.com\/hr\/product\/rucica-za-rostilj\/","title":{"rendered":"Ru\u010dica za ro\u0161tilj"},"content":{"rendered":"<p>PolskiGrill <strong>poluga za ro\u0161tilj<\/strong> je idealno rje\u0161enje za ljude koji \u017eele olak\u0161ati pode\u0161avanje visine re\u0161etke. Laserski rezani elementi i posve\u0107enost detaljima tijekom izrade osigurat \u0107e vam estetski i funkcionalan proizvod. <\/p>\n<p>Ru\u010dica je izra\u0111ena od debelog lima, \u0161to osigurava stabilnost i kod te\u0161kih re\u0161etki. Kolut se lako postavlja na postoje\u0107e ro\u0161tilje pomo\u0107u vijaka za pri\u010dvr\u0161\u0107ivanje uklju\u010denih u komplet. <\/p>\n<p>Ru\u010dica je obojena u mat crno, \u0161to u kombinaciji s drvenom ru\u010dkom daje \u0161ik i eleganciju.<\/p>\n<p>Na\u010din monta\u017ee: dva M6 vijka<\/p>\n","protected":false},"excerpt":{"rendered":"<p>PolskiGrill poluga za ro\u0161tilj je idealno rje\u0161enje za ljude koji \u017eele olak\u0161ati pode\u0161avanje visine re\u0161etke. Laserski rezani elementi i posve\u0107enost detaljima tijekom izrade osigurat \u0107e vam<span class=\"excerpt-hellip\"> [\u2026]<\/span><\/p>\n","protected":false},"featured_media":2711,"comment_status":"open","ping_status":"closed","template":"","meta":[],"product_brand":[],"product_cat":[326,330],"product_tag":[],"class_list":{"0":"post-6761","1":"product","2":"type-product","3":"status-publish","4":"has-post-thumbnail","6":"product_cat-pribor-za-rostiljanje","7":"product_cat-za-diy-entuzijaste","9":"first","10":"instock","11":"taxable","12":"shipping-taxable","13":"purchasable","14":"product-type-simple"},"_links":{"self":[{"href":"https:\/\/polskigrill.com\/hr\/wp-json\/wp\/v2\/product\/6761","targetHints":{"allow":["GET"]}}],"collection":[{"href":"https:\/\/polskigrill.com\/hr\/wp-json\/wp\/v2\/product"}],"about":[{"href":"https:\/\/polskigrill.com\/hr\/wp-json\/wp\/v2\/types\/product"}],"replies":[{"embeddable":true,"href":"https:\/\/polskigrill.com\/hr\/wp-json\/wp\/v2\/comments?post=6761"}],"wp:featuredmedia":[{"embeddable":true,"href":"https:\/\/polskigrill.com\/hr\/wp-json\/wp\/v2\/media\/2711"}],"wp:attachment":[{"href":"https:\/\/polskigrill.com\/hr\/wp-json\/wp\/v2\/media?parent=6761"}],"wp:term":[{"taxonomy":"product_brand","embeddable":true,"href":"https:\/\/polskigrill.com\/hr\/wp-json\/wp\/v2\/product_brand?post=6761"},{"taxonomy":"product_cat","embeddable":true,"href":"https:\/\/polskigrill.com\/hr\/wp-json\/wp\/v2\/product_cat?post=6761"},{"taxonomy":"product_tag","embeddable":true,"href":"https:\/\/polskigrill.com\/hr\/wp-json\/wp\/v2\/product_tag?post=6761"}],"curies":[{"name":"wp","href":"https:\/\/api.w.org\/{rel}","templated":true}]}}