{"id":6756,"date":"2018-02-12T08:20:14","date_gmt":"2018-02-12T08:20:14","guid":{"rendered":"https:\/\/polskigrill.com\/product\/premium-rostilj-na-drveni-ugljen\/"},"modified":"2018-02-12T08:20:14","modified_gmt":"2018-02-12T08:20:14","slug":"premium-rostilj-na-drveni-ugljen","status":"publish","type":"product","link":"https:\/\/polskigrill.com\/hr\/product\/premium-rostilj-na-drveni-ugljen\/","title":{"rendered":"PREMIUM ro\u0161tilj na drveni ugljen"},"content":{"rendered":"<p>Vrtni ro\u0161tilj sa inox re\u0161etkom dimenzija 60&#215;40 cm. Posuda za ro\u0161tilj izra\u0111ena je od lima debljine 3 mm, \u0161to kod konkurencije ne\u0107ete vidjeti. Dodatno, ro\u0161tilj je opremljen ladicom za pepeo tako da je \u010di\u0161\u0107enje vrlo jednostavno.  <\/p>\n<p>Re\u0161etka za ro\u0161tilj izra\u0111ena je od visokokvalitetnog nehr\u0111aju\u0107eg \u010delika za hranu.<\/p>\n<p>Velike bo\u010dne police ro\u0161tilja osiguravaju udobnost pe\u010denja. U njih se lako mo\u017ee smjestiti veliki tanjur. Police slu\u017ee i kao ru\u010dke za no\u0161enje ro\u0161tilja.<\/p>\n","protected":false},"excerpt":{"rendered":"<p>Vrtni ro\u0161tilj sa inox re\u0161etkom dimenzija 60&#215;40 cm. Posuda za ro\u0161tilj izra\u0111ena je od lima debljine 3 mm, \u0161to kod konkurencije ne\u0107ete vidjeti. Dodatno, ro\u0161tilj je<span class=\"excerpt-hellip\"> [\u2026]<\/span><\/p>\n","protected":false},"featured_media":2459,"comment_status":"open","ping_status":"closed","template":"","meta":[],"product_brand":[],"product_cat":[237],"product_tag":[],"class_list":{"0":"post-6756","1":"product","2":"type-product","3":"status-publish","4":"has-post-thumbnail","6":"product_cat-vrtni-rostilji","8":"first","9":"onbackorder","10":"taxable","11":"shipping-taxable","12":"purchasable","13":"product-type-simple"},"_links":{"self":[{"href":"https:\/\/polskigrill.com\/hr\/wp-json\/wp\/v2\/product\/6756","targetHints":{"allow":["GET"]}}],"collection":[{"href":"https:\/\/polskigrill.com\/hr\/wp-json\/wp\/v2\/product"}],"about":[{"href":"https:\/\/polskigrill.com\/hr\/wp-json\/wp\/v2\/types\/product"}],"replies":[{"embeddable":true,"href":"https:\/\/polskigrill.com\/hr\/wp-json\/wp\/v2\/comments?post=6756"}],"wp:featuredmedia":[{"embeddable":true,"href":"https:\/\/polskigrill.com\/hr\/wp-json\/wp\/v2\/media\/2459"}],"wp:attachment":[{"href":"https:\/\/polskigrill.com\/hr\/wp-json\/wp\/v2\/media?parent=6756"}],"wp:term":[{"taxonomy":"product_brand","embeddable":true,"href":"https:\/\/polskigrill.com\/hr\/wp-json\/wp\/v2\/product_brand?post=6756"},{"taxonomy":"product_cat","embeddable":true,"href":"https:\/\/polskigrill.com\/hr\/wp-json\/wp\/v2\/product_cat?post=6756"},{"taxonomy":"product_tag","embeddable":true,"href":"https:\/\/polskigrill.com\/hr\/wp-json\/wp\/v2\/product_tag?post=6756"}],"curies":[{"name":"wp","href":"https:\/\/api.w.org\/{rel}","templated":true}]}}