{"id":6679,"date":"2018-03-19T15:00:32","date_gmt":"2018-03-19T15:00:32","guid":{"rendered":"https:\/\/polskigrill.com\/produkty\/Bez kategorije\/uze-od-nehrdajuceg-celika-25-m\/"},"modified":"2018-03-19T15:00:32","modified_gmt":"2018-03-19T15:00:32","slug":"uze-od-nehrdajuceg-celika-25-m","status":"publish","type":"product","link":"https:\/\/polskigrill.com\/hr\/product\/uze-od-nehrdajuceg-celika-25-m\/","title":{"rendered":"U\u017ee od nehr\u0111aju\u0107eg \u010delika 2,5 m"},"content":{"rendered":"<p>Mekano u\u017ee od nehr\u0111aju\u0107eg \u010delika debljine 3 mm s uvrnutim &#8216;u\u0161ima&#8217; na krajevima \u2013 u\u017ee najbolje radi s na\u0161om ru\u010dlicom s kojom stvara tihi mehanizam za podizanje i spu\u0161tanje re\u0161etki ro\u0161tilja.<\/p>\n<p> Du\u017eina konopa: <strong>250 cm<\/strong><br \/>\n Debljina konopa: <strong>3 mm<\/strong><\/p>\n","protected":false},"excerpt":{"rendered":"<p>Mekano u\u017ee od nehr\u0111aju\u0107eg \u010delika debljine 3 mm s uvrnutim &#8216;u\u0161ima&#8217; na krajevima \u2013 u\u017ee najbolje radi s na\u0161om ru\u010dlicom s kojom stvara tihi mehanizam za<span class=\"excerpt-hellip\"> [\u2026]<\/span><\/p>\n","protected":false},"featured_media":2999,"comment_status":"open","ping_status":"closed","template":"","meta":[],"product_brand":[],"product_cat":[330],"product_tag":[],"class_list":{"0":"post-6679","1":"product","2":"type-product","3":"status-publish","4":"has-post-thumbnail","6":"product_cat-za-diy-entuzijaste","8":"first","9":"instock","10":"taxable","11":"shipping-taxable","12":"purchasable","13":"product-type-simple"},"_links":{"self":[{"href":"https:\/\/polskigrill.com\/hr\/wp-json\/wp\/v2\/product\/6679","targetHints":{"allow":["GET"]}}],"collection":[{"href":"https:\/\/polskigrill.com\/hr\/wp-json\/wp\/v2\/product"}],"about":[{"href":"https:\/\/polskigrill.com\/hr\/wp-json\/wp\/v2\/types\/product"}],"replies":[{"embeddable":true,"href":"https:\/\/polskigrill.com\/hr\/wp-json\/wp\/v2\/comments?post=6679"}],"wp:featuredmedia":[{"embeddable":true,"href":"https:\/\/polskigrill.com\/hr\/wp-json\/wp\/v2\/media\/2999"}],"wp:attachment":[{"href":"https:\/\/polskigrill.com\/hr\/wp-json\/wp\/v2\/media?parent=6679"}],"wp:term":[{"taxonomy":"product_brand","embeddable":true,"href":"https:\/\/polskigrill.com\/hr\/wp-json\/wp\/v2\/product_brand?post=6679"},{"taxonomy":"product_cat","embeddable":true,"href":"https:\/\/polskigrill.com\/hr\/wp-json\/wp\/v2\/product_cat?post=6679"},{"taxonomy":"product_tag","embeddable":true,"href":"https:\/\/polskigrill.com\/hr\/wp-json\/wp\/v2\/product_tag?post=6679"}],"curies":[{"name":"wp","href":"https:\/\/api.w.org\/{rel}","templated":true}]}}