{"id":6669,"date":"2018-08-08T10:11:58","date_gmt":"2018-08-08T10:11:58","guid":{"rendered":"https:\/\/polskigrill.com\/produkty\/Bez kategorije\/rostilj-od-nehrdajuceg-celika-sa-rectan-lozistem\/"},"modified":"2018-08-08T10:11:58","modified_gmt":"2018-08-08T10:11:58","slug":"rostilj-od-nehrdajuceg-celika-sa-rectan-lozistem","status":"publish","type":"product","link":"https:\/\/polskigrill.com\/hr\/product\/rostilj-od-nehrdajuceg-celika-sa-rectan-lozistem\/","title":{"rendered":"Ro\u0161tilj od nehr\u0111aju\u0107eg \u010delika sa RECTAN lo\u017ei\u0161tem"},"content":{"rendered":"<p><strong>Vrtni Kamin sa Ro\u0161tiljem RECTAN<\/strong><\/p>\n<p>Ukupna \u0161irina: 85cm ili 100cm<\/p>\n<p>Unutarnja \u0161irina: 61cm ili 73cm<\/p>\n<p>Visina: 26cm ili 35cm<\/p>\n<p>Veli\u010dina mre\u017ee: 50\u00d750cm ili 60x50cm<\/p>\n<p>Maksimalna visina re\u0161etke: 60 cm<\/p>\n<p><strong>Moderni vrtni kamin RECTAN 85<\/strong> omogu\u0107uje vam stvaranje mjesta za paljenje krijesa sa svojim najdra\u017eima bez o\u0161te\u0107enja tla. Moderan kockasti izgled savr\u0161eno \u0107e se uklopiti u svaki ambijent. Zahvaljuju\u0107i visokoj bo\u010dnoj stijenci lo\u017ei\u0161ta, ne moramo brinuti ho\u0107e li nam ispasti \u017ear ili drva. Lo\u017ei\u0161te dobre veli\u010dine omogu\u0107uje vam spaljivanje standardnih cjepanica bez potrebe za posebnim rezanjem.<br \/> Ro\u0161tilj i lo\u017ei\u0161te izra\u0111eni su od materijala odgovaraju\u0107e debljine, ostaju \u010dvrsti i dugotrajni. Re\u0161etka od <strong>nehr\u0111aju\u0107eg \u010delika<\/strong> , \u0161ipke debljine 5mm i okvir od profila 15\u00d715mm.      <\/p>\n<p><strong>Re\u0161etka za vatru od nehr\u0111aju\u0107eg \u010delika<\/strong> dizajnirana je za zaklju\u010davanje u bilo kojem polo\u017eaju. Visina na koju mo\u017eemo podi\u0107i re\u0161etku od lo\u017ei\u0161ta je 60 cm, \u0161to daje vrlo \u0161iroku regulaciju temperature na re\u0161etki i <strong>pe\u010denju na drva<\/strong> . Re\u0161etka se mo\u017ee podi\u0107i i premjestiti bez puno napora. Ro\u0161tilj je pri\u010dvr\u0161\u0107en sa 3 vijka, lako ga mo\u017eete odvrnuti i koristiti lo\u017ei\u0161te bez ro\u0161tilja.<\/p>\n","protected":false},"excerpt":{"rendered":"<p><strong>Vrtni kamin RECTAN<\/strong> dizajniran je za paljenje vatre s va\u0161im najdra\u017eima bez o\u0161te\u0107enja tla. Dostupan u dvije veli\u010dine: <strong>85 i 100 cm,<\/strong> savr\u0161eno \u0107e se uklopiti u svaki ambijent. Zahvaljuju\u0107i visokoj bo\u010dnoj stijenci lo\u017ei\u0161ta, ne moramo brinuti ho\u0107e li nam ispasti \u017ear ili drva. <strong>Ro\u0161tilj i lo\u017ei\u0161te<\/strong> izra\u0111eni su od debelih materijala, ostaju \u010dvrsti i trajat \u0107e dugi niz godina. Re\u0161etka od <b>nehr\u0111aju\u0107eg \u010delika.<\/b>   <\/p>\n","protected":false},"featured_media":4148,"comment_status":"open","ping_status":"closed","template":"","meta":[],"product_brand":[],"product_cat":[305,237],"product_tag":[],"class_list":{"0":"post-6669","1":"product","2":"type-product","3":"status-publish","4":"has-post-thumbnail","6":"product_cat-vrtni-kamini","7":"product_cat-vrtni-rostilji","8":"product_shipping_class-rektan","10":"first","11":"instock","12":"taxable","13":"shipping-taxable","14":"purchasable","15":"product-type-variable","16":"has-default-attributes"},"_links":{"self":[{"href":"https:\/\/polskigrill.com\/hr\/wp-json\/wp\/v2\/product\/6669","targetHints":{"allow":["GET"]}}],"collection":[{"href":"https:\/\/polskigrill.com\/hr\/wp-json\/wp\/v2\/product"}],"about":[{"href":"https:\/\/polskigrill.com\/hr\/wp-json\/wp\/v2\/types\/product"}],"replies":[{"embeddable":true,"href":"https:\/\/polskigrill.com\/hr\/wp-json\/wp\/v2\/comments?post=6669"}],"wp:featuredmedia":[{"embeddable":true,"href":"https:\/\/polskigrill.com\/hr\/wp-json\/wp\/v2\/media\/4148"}],"wp:attachment":[{"href":"https:\/\/polskigrill.com\/hr\/wp-json\/wp\/v2\/media?parent=6669"}],"wp:term":[{"taxonomy":"product_brand","embeddable":true,"href":"https:\/\/polskigrill.com\/hr\/wp-json\/wp\/v2\/product_brand?post=6669"},{"taxonomy":"product_cat","embeddable":true,"href":"https:\/\/polskigrill.com\/hr\/wp-json\/wp\/v2\/product_cat?post=6669"},{"taxonomy":"product_tag","embeddable":true,"href":"https:\/\/polskigrill.com\/hr\/wp-json\/wp\/v2\/product_tag?post=6669"}],"curies":[{"name":"wp","href":"https:\/\/api.w.org\/{rel}","templated":true}]}}