{"id":6649,"date":"2019-04-07T10:20:26","date_gmt":"2019-04-07T10:20:26","guid":{"rendered":"https:\/\/polskigrill.com\/produkty\/Bez kategorije\/solid-vrtni-kamin\/"},"modified":"2019-04-07T10:20:26","modified_gmt":"2019-04-07T10:20:26","slug":"solid-vrtni-kamin","status":"publish","type":"product","link":"https:\/\/polskigrill.com\/hr\/product\/solid-vrtni-kamin\/","title":{"rendered":"SOLID vrtni kamin"},"content":{"rendered":"<p><strong>Vrtni kamin SOLID<\/strong> minimalisti\u010dki je i moderan oblik za vrt. Stjenke lo\u017ei\u0161ta su izra\u0111ene od lima debljine 3mm i ne umanjuju gabarite samog lo\u017ei\u0161ta. Stranice izrezane pod blagim kutom stvaraju zanimljiv vizualni efekt. Kamin \u0107e vam omogu\u0107iti da stvorite toplo mjesto u vrtu za susret s voljenima.   <\/p>\n<p>Dimenzije kamina: 70&#215;70 cm.<\/p>\n\n\t\t\t<style type='text\/css'>\n\t\t\t\t#sc_gallery-1 {\n\t\t\t\t\tmargin: auto;\n\t\t\t\t}\n\t\t\t\t#sc_gallery-1 .gallery-item {\n\t\t\t\t\tfloat: left;\n\t\t\t\t\ttext-align: center;\n\t\t\t\t\twidth: 49.99%;\n\t\t\t\t}\n\t\t\t\t#sc_gallery-1 img {\n\t\t\t\t\tborder: 2px solid #cfcfcf;\n\t\t\t\t}\n\t\t\t\t\/* see sc_gallery() in functions\/theme-shortcodes.php *\/\n\t\t\t<\/style>\n\t\t<div id='sc_gallery-1' class='gallery galleryid-6649 gallery-columns-2 gallery-size-medium none gallery-default'><dl class='gallery-item'  data-title='Palenisko SOLID - nowoczesne palenisko ogrodowe' data-description='Palenisko SOLID - nowoczesne palenisko ogrodowe'><div class='gallery-item-wrapper'>\n\t\t\t\t<dt class='gallery-icon landscape'>\n\t\t\t\t\t<img loading=\"lazy\" decoding=\"async\" width=\"500\" height=\"321\" src=\"https:\/\/polskigrill.com\/wp-content\/uploads\/2019\/04\/Palenisko-SOLID-nowoczesne-palenisko-ogrodowe-500x321.jpg\" class=\"attachment-medium size-medium\" alt=\"\" srcset=\"https:\/\/polskigrill.com\/wp-content\/uploads\/2019\/04\/Palenisko-SOLID-nowoczesne-palenisko-ogrodowe-500x321.jpg 500w, https:\/\/polskigrill.com\/wp-content\/uploads\/2019\/04\/Palenisko-SOLID-nowoczesne-palenisko-ogrodowe-300x193.jpg 300w, https:\/\/polskigrill.com\/wp-content\/uploads\/2019\/04\/Palenisko-SOLID-nowoczesne-palenisko-ogrodowe-117x75.jpg 117w, https:\/\/polskigrill.com\/wp-content\/uploads\/2019\/04\/Palenisko-SOLID-nowoczesne-palenisko-ogrodowe-480x309.jpg 480w\" sizes=\"auto, (max-width:767px) 480px, 500px\" \/>\n\t\t\t\t<\/dt><\/div><\/dl><dl class='gallery-item'  data-title='Palenisko ogrodowe SOLID - nowoczesne metalowe' data-description='Palenisko ogrodowe SOLID - nowoczesne metalowe'><div class='gallery-item-wrapper'>\n\t\t\t\t<dt class='gallery-icon landscape'>\n\t\t\t\t\t<img loading=\"lazy\" decoding=\"async\" width=\"500\" height=\"281\" src=\"https:\/\/polskigrill.com\/wp-content\/uploads\/2019\/02\/Wizualizacja_kwadrat-wysokie-bg-500x281.jpg\" class=\"attachment-medium size-medium\" alt=\"\" srcset=\"https:\/\/polskigrill.com\/wp-content\/uploads\/2019\/02\/Wizualizacja_kwadrat-wysokie-bg-500x281.jpg 500w, https:\/\/polskigrill.com\/wp-content\/uploads\/2019\/02\/Wizualizacja_kwadrat-wysokie-bg-300x169.jpg 300w, https:\/\/polskigrill.com\/wp-content\/uploads\/2019\/02\/Wizualizacja_kwadrat-wysokie-bg-133x75.jpg 133w, https:\/\/polskigrill.com\/wp-content\/uploads\/2019\/02\/Wizualizacja_kwadrat-wysokie-bg-480x270.jpg 480w\" sizes=\"auto, (max-width:767px) 480px, 500px\" \/>\n\t\t\t\t<\/dt><\/div><\/dl><br style=\"clear: both\" \/>\n\t\t\t<\/div>\n\n","protected":false},"excerpt":{"rendered":"<p><strong>Vrtni kamin SOLID<\/strong> minimalisti\u010dki je i moderan oblik za vrt. Stijenke lo\u017ei\u0161ta su izra\u0111ene od lima i smanjuju gabarite samog lo\u017ei\u0161ta. Stranice izrezane pod blagim kutom stvaraju zanimljiv vizualni efekt.  <\/p>\n<p>Dimenzije kamina: 70&#215;70 cm.<\/p>\n<p>&nbsp;<\/p>\n","protected":false},"featured_media":3795,"comment_status":"open","ping_status":"closed","template":"","meta":[],"product_brand":[],"product_cat":[305],"product_tag":[],"class_list":{"0":"post-6649","1":"product","2":"type-product","3":"status-publish","4":"has-post-thumbnail","6":"product_cat-vrtni-kamini","8":"first","9":"instock","10":"taxable","11":"shipping-taxable","12":"purchasable","13":"product-type-simple"},"_links":{"self":[{"href":"https:\/\/polskigrill.com\/hr\/wp-json\/wp\/v2\/product\/6649","targetHints":{"allow":["GET"]}}],"collection":[{"href":"https:\/\/polskigrill.com\/hr\/wp-json\/wp\/v2\/product"}],"about":[{"href":"https:\/\/polskigrill.com\/hr\/wp-json\/wp\/v2\/types\/product"}],"replies":[{"embeddable":true,"href":"https:\/\/polskigrill.com\/hr\/wp-json\/wp\/v2\/comments?post=6649"}],"wp:featuredmedia":[{"embeddable":true,"href":"https:\/\/polskigrill.com\/hr\/wp-json\/wp\/v2\/media\/3795"}],"wp:attachment":[{"href":"https:\/\/polskigrill.com\/hr\/wp-json\/wp\/v2\/media?parent=6649"}],"wp:term":[{"taxonomy":"product_brand","embeddable":true,"href":"https:\/\/polskigrill.com\/hr\/wp-json\/wp\/v2\/product_brand?post=6649"},{"taxonomy":"product_cat","embeddable":true,"href":"https:\/\/polskigrill.com\/hr\/wp-json\/wp\/v2\/product_cat?post=6649"},{"taxonomy":"product_tag","embeddable":true,"href":"https:\/\/polskigrill.com\/hr\/wp-json\/wp\/v2\/product_tag?post=6649"}],"curies":[{"name":"wp","href":"https:\/\/api.w.org\/{rel}","templated":true}]}}