{"id":6623,"date":"2024-06-23T18:43:02","date_gmt":"2024-06-23T18:43:02","guid":{"rendered":"https:\/\/polskigrill.com\/produkty\/Bez kategorije\/quadra-vrtni-kamin\/"},"modified":"2024-06-23T18:43:02","modified_gmt":"2024-06-23T18:43:02","slug":"quadra-vrtni-kamin","status":"publish","type":"product","link":"https:\/\/polskigrill.com\/hr\/product\/quadra-vrtni-kamin\/","title":{"rendered":"QUADRA vrtni kamin"},"content":{"rendered":"<p>Vrtno lo\u017ei\u0161te QUADRA 80 savr\u0161en je dodatak va\u0161em vrtu, omogu\u0107uju\u0107i vam da napravite mjesto za paljenje vatre. Izra\u0111en od \u010delika, zavaren i bru\u0161en. Zahvaljuju\u0107i jedinstvenom dizajnu, kamin QUADRA ne\u0107e biti samo izvor ugodne topline, ve\u0107 i atraktivan ukras za va\u0161 vrt. Stvorite mjesto za opu\u0161tanje tijekom ljetnih ve\u010deri sa svojim najdra\u017eima.<br \/>\n \u0160irine: 80 cm (unutra 61 cm) i 100 cm, \u0161to je vi\u0161e i ima \u0161ire stranice<\/p>\n","protected":false},"excerpt":{"rendered":"<p>Vrtno lo\u017ei\u0161te QUADRA 80 savr\u0161en je dodatak va\u0161em vrtu, omogu\u0107uju\u0107i vam da napravite mjesto za paljenje vatre. Izra\u0111en od \u010delika, zavaren i bru\u0161en. Zahvaljuju\u0107i jedinstvenom dizajnu,<span class=\"excerpt-hellip\"> [\u2026]<\/span><\/p>\n","protected":false},"featured_media":4894,"comment_status":"open","ping_status":"closed","template":"","meta":[],"product_brand":[],"product_cat":[305],"product_tag":[],"class_list":{"0":"post-6623","1":"product","2":"type-product","3":"status-publish","4":"has-post-thumbnail","6":"product_cat-vrtni-kamini","7":"product_shipping_class-rektan","9":"first","10":"instock","11":"taxable","12":"shipping-taxable","13":"purchasable","14":"product-type-variable","15":"has-default-attributes"},"_links":{"self":[{"href":"https:\/\/polskigrill.com\/hr\/wp-json\/wp\/v2\/product\/6623","targetHints":{"allow":["GET"]}}],"collection":[{"href":"https:\/\/polskigrill.com\/hr\/wp-json\/wp\/v2\/product"}],"about":[{"href":"https:\/\/polskigrill.com\/hr\/wp-json\/wp\/v2\/types\/product"}],"replies":[{"embeddable":true,"href":"https:\/\/polskigrill.com\/hr\/wp-json\/wp\/v2\/comments?post=6623"}],"wp:featuredmedia":[{"embeddable":true,"href":"https:\/\/polskigrill.com\/hr\/wp-json\/wp\/v2\/media\/4894"}],"wp:attachment":[{"href":"https:\/\/polskigrill.com\/hr\/wp-json\/wp\/v2\/media?parent=6623"}],"wp:term":[{"taxonomy":"product_brand","embeddable":true,"href":"https:\/\/polskigrill.com\/hr\/wp-json\/wp\/v2\/product_brand?post=6623"},{"taxonomy":"product_cat","embeddable":true,"href":"https:\/\/polskigrill.com\/hr\/wp-json\/wp\/v2\/product_cat?post=6623"},{"taxonomy":"product_tag","embeddable":true,"href":"https:\/\/polskigrill.com\/hr\/wp-json\/wp\/v2\/product_tag?post=6623"}],"curies":[{"name":"wp","href":"https:\/\/api.w.org\/{rel}","templated":true}]}}