{"id":6379,"date":"2018-02-12T06:52:58","date_gmt":"2018-02-12T06:52:58","guid":{"rendered":"https:\/\/polskigrill.com\/produkty\/Bez kategorije\/tronozac-rostilj-kovani-logorska-vatra\/"},"modified":"2025-03-09T12:25:01","modified_gmt":"2025-03-09T12:25:01","slug":"tronozac-rostilj-kovani-logorska-vatra","status":"publish","type":"product","link":"https:\/\/polskigrill.com\/hr\/product\/tronozac-rostilj-kovani-logorska-vatra\/","title":{"rendered":"Trono\u017eac Ro\u0161tilj KOVANI \u2013 logorska vatra"},"content":{"rendered":"<p>PolskiGrill <strong>trono\u017eni ro\u0161tilj<\/strong> je idealno rje\u0161enje za ljude koji vole razli\u010dite na\u010dine pe\u010denja, kako na drva tako i na brikete. Zahvaljuju\u0107i mogu\u0107nosti obje\u0161enja kotla od lijevanog \u017eeljeza, mo\u017eete isprobati nove okuse koje \u0107e ljudi u va\u0161em dru\u0161tvu cijeniti. Imate mogu\u0107nost odabrati preostale komponente i sastaviti komplet koji savr\u0161eno odgovara va\u0161im potrebama.  <\/p>\n<p>Tri potporne to\u010dke osiguravaju stabilnost cijele konstrukcije na bilo kojem terenu, a polupreklopive noge dobro \u0107e do\u0107i kod spremanja ro\u0161tilja za zimu. Ro\u0161tilj s ru\u010dlicom omogu\u0107uje jednostavno i prakti\u010dno pode\u0161avanje visine re\u0161etke iznad vatre. Ovo je najvi\u0161enamjenski ro\u0161tilj ikada stvoren.  <\/p>\n<p>Stativ sadr\u017ei kabel od nehr\u0111aju\u0107eg \u010delika kako bi cijela stvar radila glatko i tiho. \u010celi\u010dno lo\u017ei\u0161te, ako je potrebno, treba odabrati zasebno prema vlastitim \u017eeljama \u2013 preporu\u010damo odabrati lo\u017ei\u0161te 10 cm ve\u0107e od re\u0161etke. <\/p>\n<p>Tehni\u010dki podaci:<\/p>\n<ul> \t<\/p>\n<li>visina noge mjereno u ravnoj liniji: <strong>215 cm<\/strong><\/li>\n<p> \t<\/p>\n<li>debljina noge: <strong>2 cm<\/strong><\/li>\n<p> \t<\/p>\n<li>sklopivi trono\u017eac: <strong>da<\/strong><\/li>\n<p> \t<\/p>\n<li>pode\u0161avanje visine: <strong>ru\u010dica<\/strong><\/li>\n<p> \t<\/p>\n<li>razmak nogu: <strong>podesiv<\/strong><\/li>\n<p> \t<\/p>\n<li>te\u017eina: <strong>12 kg<\/strong> (samo trono\u017eac)<\/li>\n<p> \t<\/p>\n<li>zavr\u0161en kovanim vrhovima<\/li>\n<p><\/ul>\n<h6><em>Oznake: Gypsy ro\u0161tilj, Ro\u0161tilj za logorsku vatru, Vrtni trono\u017eac, Vise\u0107i ro\u0161tilj<\/em><\/h6>\n","protected":false},"excerpt":{"rendered":"<p><strong>Ro\u0161tilj trono\u017eac KUTY<\/strong> je idealno rje\u0161enje za ljude koji vole razli\u010dite na\u010dine ro\u0161tiljanja, kako na drva tako i na brikete. Ovo je najvi\u0161enamjenski ro\u0161tilj ikada stvoren. <\/p>\n<p>Zahvaljuju\u0107i mogu\u0107nosti obje\u0161enja kotla od lijevanog \u017eeljeza, mo\u017eete isprobati nove okuse koje \u0107e ljudi u va\u0161em dru\u0161tvu cijeniti. Prilagodite svoj ro\u0161tilj svojim potrebama i odaberite promjer re\u0161etke koji vam je potreban. <\/p>\n","protected":false},"featured_media":2989,"comment_status":"open","ping_status":"closed","template":"","meta":[],"product_brand":[],"product_cat":[237],"product_tag":[],"class_list":{"0":"post-6379","1":"product","2":"type-product","3":"status-publish","4":"has-post-thumbnail","6":"product_cat-vrtni-rostilji","8":"first","9":"instock","10":"featured","11":"taxable","12":"shipping-taxable","13":"purchasable","14":"product-type-variable","15":"has-default-attributes"},"_links":{"self":[{"href":"https:\/\/polskigrill.com\/hr\/wp-json\/wp\/v2\/product\/6379","targetHints":{"allow":["GET"]}}],"collection":[{"href":"https:\/\/polskigrill.com\/hr\/wp-json\/wp\/v2\/product"}],"about":[{"href":"https:\/\/polskigrill.com\/hr\/wp-json\/wp\/v2\/types\/product"}],"replies":[{"embeddable":true,"href":"https:\/\/polskigrill.com\/hr\/wp-json\/wp\/v2\/comments?post=6379"}],"wp:featuredmedia":[{"embeddable":true,"href":"https:\/\/polskigrill.com\/hr\/wp-json\/wp\/v2\/media\/2989"}],"wp:attachment":[{"href":"https:\/\/polskigrill.com\/hr\/wp-json\/wp\/v2\/media?parent=6379"}],"wp:term":[{"taxonomy":"product_brand","embeddable":true,"href":"https:\/\/polskigrill.com\/hr\/wp-json\/wp\/v2\/product_brand?post=6379"},{"taxonomy":"product_cat","embeddable":true,"href":"https:\/\/polskigrill.com\/hr\/wp-json\/wp\/v2\/product_cat?post=6379"},{"taxonomy":"product_tag","embeddable":true,"href":"https:\/\/polskigrill.com\/hr\/wp-json\/wp\/v2\/product_tag?post=6379"}],"curies":[{"name":"wp","href":"https:\/\/api.w.org\/{rel}","templated":true}]}}