{"id":6777,"date":"2018-02-12T08:20:14","date_gmt":"2018-02-12T08:20:14","guid":{"rendered":"https:\/\/polskigrill.com\/product\/premium-holzkohlegrill\/"},"modified":"2018-02-12T08:20:14","modified_gmt":"2018-02-12T08:20:14","slug":"premium-holzkohlegrill","status":"publish","type":"product","link":"https:\/\/polskigrill.com\/de\/product\/premium-holzkohlegrill\/","title":{"rendered":"PREMIUM Holzkohlegrill"},"content":{"rendered":"<p>Ein Gartengrill mit einem 60&#215;40 cm gro\u00dfen Rost aus Edelstahl. Der Grillkasten ist aus 3 mm dickem Blech gefertigt, etwas, das Sie bei der Konkurrenz nicht finden werden. Au\u00dferdem ist der Grill mit einer Ascheschublade ausgestattet, so dass die Reinigung sehr einfach ist.  <\/p>\n<p>Der Grillrost ist aus hochwertigem, lebensmittelechtem Edelstahl gefertigt.<\/p>\n<p>Die gro\u00dfen Seitenablagen des Grills sorgen f\u00fcr Komfort beim Grillen. Sie nehmen in aller Ruhe einen gro\u00dfen Teller auf. Die Ablagen dienen auch als Griffe zum Tragen des Grills.<\/p>\n","protected":false},"excerpt":{"rendered":"<p>Ein Gartengrill mit einem 60&#215;40 cm gro\u00dfen Rost aus Edelstahl. Der Grillkasten ist aus 3 mm dickem Blech gefertigt, etwas, das Sie bei der Konkurrenz nicht<span class=\"excerpt-hellip\"> [\u2026]<\/span><\/p>\n","protected":false},"featured_media":2459,"comment_status":"open","ping_status":"closed","template":"","meta":[],"product_brand":[],"product_cat":[249],"product_tag":[],"class_list":{"0":"post-6777","1":"product","2":"type-product","3":"status-publish","4":"has-post-thumbnail","6":"product_cat-grillen-im-garten","8":"first","9":"onbackorder","10":"taxable","11":"shipping-taxable","12":"purchasable","13":"product-type-simple"},"_links":{"self":[{"href":"https:\/\/polskigrill.com\/de\/wp-json\/wp\/v2\/product\/6777","targetHints":{"allow":["GET"]}}],"collection":[{"href":"https:\/\/polskigrill.com\/de\/wp-json\/wp\/v2\/product"}],"about":[{"href":"https:\/\/polskigrill.com\/de\/wp-json\/wp\/v2\/types\/product"}],"replies":[{"embeddable":true,"href":"https:\/\/polskigrill.com\/de\/wp-json\/wp\/v2\/comments?post=6777"}],"wp:featuredmedia":[{"embeddable":true,"href":"https:\/\/polskigrill.com\/de\/wp-json\/wp\/v2\/media\/2459"}],"wp:attachment":[{"href":"https:\/\/polskigrill.com\/de\/wp-json\/wp\/v2\/media?parent=6777"}],"wp:term":[{"taxonomy":"product_brand","embeddable":true,"href":"https:\/\/polskigrill.com\/de\/wp-json\/wp\/v2\/product_brand?post=6777"},{"taxonomy":"product_cat","embeddable":true,"href":"https:\/\/polskigrill.com\/de\/wp-json\/wp\/v2\/product_cat?post=6777"},{"taxonomy":"product_tag","embeddable":true,"href":"https:\/\/polskigrill.com\/de\/wp-json\/wp\/v2\/product_tag?post=6777"}],"curies":[{"name":"wp","href":"https:\/\/api.w.org\/{rel}","templated":true}]}}