{"id":6765,"date":"2018-02-20T16:33:51","date_gmt":"2018-02-20T16:33:51","guid":{"rendered":"https:\/\/polskigrill.com\/product\/grill-kurbel\/"},"modified":"2018-02-20T16:33:51","modified_gmt":"2018-02-20T16:33:51","slug":"grill-kurbel","status":"publish","type":"product","link":"https:\/\/polskigrill.com\/de\/product\/grill-kurbel\/","title":{"rendered":"Grill-Kurbel"},"content":{"rendered":"<p>Die PolskiGrill <strong>Grillkurbel<\/strong> ist die perfekte L\u00f6sung f\u00fcr alle, die sich die H\u00f6henverstellung des Grills erleichtern m\u00f6chten. Die mit Laser gebrannten Elemente und die Liebe zum Detail bei der Herstellung garantieren Ihnen ein \u00e4sthetisch ansprechendes und funktionelles Produkt. <\/p>\n<p>Die Kurbel ist aus dickem Blech gefertigt, was auch bei schweren Grills f\u00fcr Stabilit\u00e4t sorgt. Der Aufroller l\u00e4sst sich mit den mitgelieferten Montageschrauben leicht an vorhandenen Grills befestigen. <\/p>\n<p>Die Kurbel ist mattschwarz lackiert, was in Kombination mit dem Holzgriff eine schicke und elegante Note verleiht.<\/p>\n<p>Befestigung: zwei M6-Schrauben<\/p>\n","protected":false},"excerpt":{"rendered":"<p>Die PolskiGrill Grillkurbel ist die perfekte L\u00f6sung f\u00fcr alle, die sich die H\u00f6henverstellung des Grills erleichtern m\u00f6chten. Die mit Laser gebrannten Elemente und die Liebe zum<span class=\"excerpt-hellip\"> [\u2026]<\/span><\/p>\n","protected":false},"featured_media":2711,"comment_status":"open","ping_status":"closed","template":"","meta":[],"product_brand":[],"product_cat":[332,228],"product_tag":[],"class_list":{"0":"post-6765","1":"product","2":"type-product","3":"status-publish","4":"has-post-thumbnail","6":"product_cat-fur-heimwerker","7":"product_cat-nicht-kategorisiert","9":"first","10":"instock","11":"taxable","12":"shipping-taxable","13":"purchasable","14":"product-type-simple"},"_links":{"self":[{"href":"https:\/\/polskigrill.com\/de\/wp-json\/wp\/v2\/product\/6765","targetHints":{"allow":["GET"]}}],"collection":[{"href":"https:\/\/polskigrill.com\/de\/wp-json\/wp\/v2\/product"}],"about":[{"href":"https:\/\/polskigrill.com\/de\/wp-json\/wp\/v2\/types\/product"}],"replies":[{"embeddable":true,"href":"https:\/\/polskigrill.com\/de\/wp-json\/wp\/v2\/comments?post=6765"}],"wp:featuredmedia":[{"embeddable":true,"href":"https:\/\/polskigrill.com\/de\/wp-json\/wp\/v2\/media\/2711"}],"wp:attachment":[{"href":"https:\/\/polskigrill.com\/de\/wp-json\/wp\/v2\/media?parent=6765"}],"wp:term":[{"taxonomy":"product_brand","embeddable":true,"href":"https:\/\/polskigrill.com\/de\/wp-json\/wp\/v2\/product_brand?post=6765"},{"taxonomy":"product_cat","embeddable":true,"href":"https:\/\/polskigrill.com\/de\/wp-json\/wp\/v2\/product_cat?post=6765"},{"taxonomy":"product_tag","embeddable":true,"href":"https:\/\/polskigrill.com\/de\/wp-json\/wp\/v2\/product_tag?post=6765"}],"curies":[{"name":"wp","href":"https:\/\/api.w.org\/{rel}","templated":true}]}}