{"id":6704,"date":"2018-02-20T17:15:44","date_gmt":"2018-02-20T17:15:44","guid":{"rendered":"https:\/\/polskigrill.com\/produkty\/unkategorisiert\/vello-haengegrill\/"},"modified":"2018-02-20T17:15:44","modified_gmt":"2018-02-20T17:15:44","slug":"vello-haengegrill","status":"publish","type":"product","link":"https:\/\/polskigrill.com\/de\/product\/vello-haengegrill\/","title":{"rendered":"VELLO H\u00e4ngegrill"},"content":{"rendered":"<p>Der VELLO H\u00e4ngegrill zeichnet sich durch sein minimalistisches Design und seine Benutzerfreundlichkeit aus. Er ist ideal f\u00fcr diejenigen, die eine Feuerstelle aus Stein errichten m\u00f6chten.<br \/>\nEr ist f\u00fcr die dauerhafte Verankerung im Boden konzipiert - er verf\u00fcgt \u00fcber eine Halterung, die verankert werden muss, und der Grill wird daran angeschraubt. Au\u00dferdem ist es m\u00f6glich, den Grill mit Hilfe eines stabilen St\u00e4nders (Foto) an seinem endg\u00fcltigen Standort aufzustellen, aber wir empfehlen das traditionelle Versenken der Befestigung in Beton. Der Grill ist mit einer Kurbel zum Einstellen der H\u00f6he des Rosts ausgestattet. Das Edelstahlkabel ist diskret in der Mitte verlegt.<br \/>\nDie Abbildung zeigt einen Rost mit einem Durchmesser von 80 cm. Das Gitter muss je nach Ihren Bed\u00fcrfnissen separat ausgew\u00e4hlt werden.<\/p>\n","protected":false},"excerpt":{"rendered":"<p>Der VELLO H\u00e4ngegrill zeichnet sich durch sein minimalistisches Design und seine Benutzerfreundlichkeit aus. Er ist ideal f\u00fcr diejenigen, die eine Feuerstelle aus Stein errichten m\u00f6chten. Er<span class=\"excerpt-hellip\"> [\u2026]<\/span><\/p>\n","protected":false},"featured_media":2713,"comment_status":"open","ping_status":"closed","template":"","meta":[],"product_brand":[],"product_cat":[249],"product_tag":[],"class_list":{"0":"post-6704","1":"product","2":"type-product","3":"status-publish","4":"has-post-thumbnail","6":"product_cat-grillen-im-garten","8":"first","9":"outofstock","10":"taxable","11":"shipping-taxable","12":"purchasable","13":"product-type-variable"},"_links":{"self":[{"href":"https:\/\/polskigrill.com\/de\/wp-json\/wp\/v2\/product\/6704","targetHints":{"allow":["GET"]}}],"collection":[{"href":"https:\/\/polskigrill.com\/de\/wp-json\/wp\/v2\/product"}],"about":[{"href":"https:\/\/polskigrill.com\/de\/wp-json\/wp\/v2\/types\/product"}],"replies":[{"embeddable":true,"href":"https:\/\/polskigrill.com\/de\/wp-json\/wp\/v2\/comments?post=6704"}],"wp:featuredmedia":[{"embeddable":true,"href":"https:\/\/polskigrill.com\/de\/wp-json\/wp\/v2\/media\/2713"}],"wp:attachment":[{"href":"https:\/\/polskigrill.com\/de\/wp-json\/wp\/v2\/media?parent=6704"}],"wp:term":[{"taxonomy":"product_brand","embeddable":true,"href":"https:\/\/polskigrill.com\/de\/wp-json\/wp\/v2\/product_brand?post=6704"},{"taxonomy":"product_cat","embeddable":true,"href":"https:\/\/polskigrill.com\/de\/wp-json\/wp\/v2\/product_cat?post=6704"},{"taxonomy":"product_tag","embeddable":true,"href":"https:\/\/polskigrill.com\/de\/wp-json\/wp\/v2\/product_tag?post=6704"}],"curies":[{"name":"wp","href":"https:\/\/api.w.org\/{rel}","templated":true}]}}