{"id":6692,"date":"2018-02-20T17:22:16","date_gmt":"2018-02-20T17:22:16","guid":{"rendered":"https:\/\/polskigrill.com\/produkty\/unkategorisiert\/ignis-stahlherd\/"},"modified":"2018-02-20T17:22:16","modified_gmt":"2018-02-20T17:22:16","slug":"ignis-stahlherd","status":"publish","type":"product","link":"https:\/\/polskigrill.com\/de\/product\/ignis-stahlherd\/","title":{"rendered":"IGNIS Stahlherd"},"content":{"rendered":"<p>Die IGNIS <strong>Stahlfeuerstelle<\/strong> ist ein minimalistisches Modell, das seinen Zweck erf\u00fcllt, wenn es unter einem Dreibein oder als freistehende Feuerstelle zum Anz\u00fcnden eines Feuers bei Zusammenk\u00fcnften mit lieben Menschen aufgestellt wird. Durch den hohen Rand der Feuerstelle k\u00f6nnen Sie den Blick auf das Feuer unbesorgt genie\u00dfen. Die Feuerstelle steht auf drei stabilen Beinen. Dank der ergonomischen Griffe kann die Feuerstelle leicht von einer Person getragen werden.   <\/p>\n<p>Verf\u00fcgbare Durchmesser: 60 cm, 70 cm, 80 cm, 90 cm.<\/p>\n<p>H\u00f6he der Feuerstelle: 31 cm<\/p>\n","protected":false},"excerpt":{"rendered":"<p>Die IGNIS Stahlfeuerstelle ist ein minimalistisches Modell, das seinen Zweck erf\u00fcllt, wenn es unter einem Dreibein oder als freistehende Feuerstelle zum Anz\u00fcnden eines Feuers bei Zusammenk\u00fcnften<span class=\"excerpt-hellip\"> [\u2026]<\/span><\/p>\n","protected":false},"featured_media":2912,"comment_status":"open","ping_status":"closed","template":"","meta":[],"product_brand":[],"product_cat":[316],"product_tag":[],"class_list":{"0":"post-6692","1":"product","2":"type-product","3":"status-publish","4":"has-post-thumbnail","6":"product_cat-garten-kamine","8":"first","9":"onbackorder","10":"taxable","11":"shipping-taxable","12":"purchasable","13":"product-type-variable"},"_links":{"self":[{"href":"https:\/\/polskigrill.com\/de\/wp-json\/wp\/v2\/product\/6692","targetHints":{"allow":["GET"]}}],"collection":[{"href":"https:\/\/polskigrill.com\/de\/wp-json\/wp\/v2\/product"}],"about":[{"href":"https:\/\/polskigrill.com\/de\/wp-json\/wp\/v2\/types\/product"}],"replies":[{"embeddable":true,"href":"https:\/\/polskigrill.com\/de\/wp-json\/wp\/v2\/comments?post=6692"}],"wp:featuredmedia":[{"embeddable":true,"href":"https:\/\/polskigrill.com\/de\/wp-json\/wp\/v2\/media\/2912"}],"wp:attachment":[{"href":"https:\/\/polskigrill.com\/de\/wp-json\/wp\/v2\/media?parent=6692"}],"wp:term":[{"taxonomy":"product_brand","embeddable":true,"href":"https:\/\/polskigrill.com\/de\/wp-json\/wp\/v2\/product_brand?post=6692"},{"taxonomy":"product_cat","embeddable":true,"href":"https:\/\/polskigrill.com\/de\/wp-json\/wp\/v2\/product_cat?post=6692"},{"taxonomy":"product_tag","embeddable":true,"href":"https:\/\/polskigrill.com\/de\/wp-json\/wp\/v2\/product_tag?post=6692"}],"curies":[{"name":"wp","href":"https:\/\/api.w.org\/{rel}","templated":true}]}}