{"id":6672,"date":"2018-03-29T16:03:44","date_gmt":"2018-03-29T16:03:44","guid":{"rendered":"https:\/\/polskigrill.com\/produkty\/unkategorisiert\/stehrost-fuer-gemauerten-grill\/"},"modified":"2018-03-29T16:03:44","modified_gmt":"2018-03-29T16:03:44","slug":"stehrost-fuer-gemauerten-grill","status":"publish","type":"product","link":"https:\/\/polskigrill.com\/de\/product\/stehrost-fuer-gemauerten-grill\/","title":{"rendered":"Stehrost f\u00fcr gemauerten Grill"},"content":{"rendered":"<p>Die Feuerstelle f\u00fcr gemauerte Grills sorgt f\u00fcr eine kontinuierliche Luftzufuhr zur Glut, damit das Holz oder die Briketts optimal verbrennen. Die Stahlschublade ist eine sehr bequeme M\u00f6glichkeit, die Asche aus dem Grill zu entfernen. <\/p>\n<p>Sie k\u00f6nnen den Stahlrost in jeder Gr\u00f6\u00dfe bestellen, damit er perfekt zu Ihrem Grill passt.<\/p>\n","protected":false},"excerpt":{"rendered":"<p>Die Feuerstelle f\u00fcr gemauerte Grills sorgt f\u00fcr eine kontinuierliche Luftzufuhr zur Glut, damit das Holz oder die Briketts optimal verbrennen. Die Stahlschublade ist eine sehr bequeme<span class=\"excerpt-hellip\"> [\u2026]<\/span><\/p>\n","protected":false},"featured_media":3101,"comment_status":"open","ping_status":"closed","template":"","meta":[],"product_brand":[],"product_cat":[332,316],"product_tag":[],"class_list":{"0":"post-6672","1":"product","2":"type-product","3":"status-publish","4":"has-post-thumbnail","6":"product_cat-fur-heimwerker","7":"product_cat-garten-kamine","9":"first","10":"onbackorder","11":"taxable","12":"shipping-taxable","13":"product-type-simple"},"_links":{"self":[{"href":"https:\/\/polskigrill.com\/de\/wp-json\/wp\/v2\/product\/6672","targetHints":{"allow":["GET"]}}],"collection":[{"href":"https:\/\/polskigrill.com\/de\/wp-json\/wp\/v2\/product"}],"about":[{"href":"https:\/\/polskigrill.com\/de\/wp-json\/wp\/v2\/types\/product"}],"replies":[{"embeddable":true,"href":"https:\/\/polskigrill.com\/de\/wp-json\/wp\/v2\/comments?post=6672"}],"wp:featuredmedia":[{"embeddable":true,"href":"https:\/\/polskigrill.com\/de\/wp-json\/wp\/v2\/media\/3101"}],"wp:attachment":[{"href":"https:\/\/polskigrill.com\/de\/wp-json\/wp\/v2\/media?parent=6672"}],"wp:term":[{"taxonomy":"product_brand","embeddable":true,"href":"https:\/\/polskigrill.com\/de\/wp-json\/wp\/v2\/product_brand?post=6672"},{"taxonomy":"product_cat","embeddable":true,"href":"https:\/\/polskigrill.com\/de\/wp-json\/wp\/v2\/product_cat?post=6672"},{"taxonomy":"product_tag","embeddable":true,"href":"https:\/\/polskigrill.com\/de\/wp-json\/wp\/v2\/product_tag?post=6672"}],"curies":[{"name":"wp","href":"https:\/\/api.w.org\/{rel}","templated":true}]}}