{"id":6766,"date":"2018-02-20T16:33:51","date_gmt":"2018-02-20T16:33:51","guid":{"rendered":"https:\/\/polskigrill.com\/product\/klika-grilu\/"},"modified":"2018-02-20T16:33:51","modified_gmt":"2018-02-20T16:33:51","slug":"klika-grilu","status":"publish","type":"product","link":"https:\/\/polskigrill.com\/cs\/product\/klika-grilu\/","title":{"rendered":"Klika grilu"},"content":{"rendered":"<p><strong>Klika na<\/strong> gril PolskiGrill je ide\u00e1ln\u00edm \u0159e\u0161en\u00edm pro ty, kte\u0159\u00ed si cht\u011bj\u00ed usnadnit nastaven\u00ed v\u00fd\u0161ky grilu. Laserem vypalovan\u00e9 prvky a pozornost v\u011bnovan\u00e1 detail\u016fm p\u0159i v\u00fdrob\u011b v\u00e1m zajist\u00ed estetick\u00fd a funk\u010dn\u00ed v\u00fdrobek. <\/p>\n<p>Klika je vyrobena ze siln\u00e9ho plechu, kter\u00fd zaji\u0161\u0165uje stabilitu i p\u0159i pou\u017eit\u00ed t\u011b\u017ek\u00fdch gril\u016f. Navij\u00e1k lze snadno namontovat na st\u00e1vaj\u00edc\u00ed m\u0159\u00ed\u017ee pomoc\u00ed p\u0159ilo\u017een\u00fdch mont\u00e1\u017en\u00edch \u0161roub\u016f. <\/p>\n<p>Klika je lakov\u00e1na matnou \u010dernou barvou, kter\u00e1 v kombinaci s d\u0159ev\u011bnou rukojet\u00ed p\u016fsob\u00ed elegantn\u011b a elegantn\u011b.<\/p>\n<p>Mont\u00e1\u017e: dva \u0161rouby M6<\/p>\n","protected":false},"excerpt":{"rendered":"<p>Klika na gril PolskiGrill je ide\u00e1ln\u00edm \u0159e\u0161en\u00edm pro ty, kte\u0159\u00ed si cht\u011bj\u00ed usnadnit nastaven\u00ed v\u00fd\u0161ky grilu. Laserem vypalovan\u00e9 prvky a pozornost v\u011bnovan\u00e1 detail\u016fm p\u0159i v\u00fdrob\u011b v\u00e1m<span class=\"excerpt-hellip\"> [\u2026]<\/span><\/p>\n","protected":false},"featured_media":2711,"comment_status":"open","ping_status":"closed","template":"","meta":[],"product_brand":[],"product_cat":[327,333],"product_tag":[],"class_list":{"0":"post-6766","1":"product","2":"type-product","3":"status-publish","4":"has-post-thumbnail","6":"product_cat-prislusenstvi-ke-grilovani","7":"product_cat-pro-nadsence-do-kutilstvi","9":"first","10":"instock","11":"taxable","12":"shipping-taxable","13":"purchasable","14":"product-type-simple"},"_links":{"self":[{"href":"https:\/\/polskigrill.com\/cs\/wp-json\/wp\/v2\/product\/6766","targetHints":{"allow":["GET"]}}],"collection":[{"href":"https:\/\/polskigrill.com\/cs\/wp-json\/wp\/v2\/product"}],"about":[{"href":"https:\/\/polskigrill.com\/cs\/wp-json\/wp\/v2\/types\/product"}],"replies":[{"embeddable":true,"href":"https:\/\/polskigrill.com\/cs\/wp-json\/wp\/v2\/comments?post=6766"}],"wp:featuredmedia":[{"embeddable":true,"href":"https:\/\/polskigrill.com\/cs\/wp-json\/wp\/v2\/media\/2711"}],"wp:attachment":[{"href":"https:\/\/polskigrill.com\/cs\/wp-json\/wp\/v2\/media?parent=6766"}],"wp:term":[{"taxonomy":"product_brand","embeddable":true,"href":"https:\/\/polskigrill.com\/cs\/wp-json\/wp\/v2\/product_brand?post=6766"},{"taxonomy":"product_cat","embeddable":true,"href":"https:\/\/polskigrill.com\/cs\/wp-json\/wp\/v2\/product_cat?post=6766"},{"taxonomy":"product_tag","embeddable":true,"href":"https:\/\/polskigrill.com\/cs\/wp-json\/wp\/v2\/product_tag?post=6766"}],"curies":[{"name":"wp","href":"https:\/\/api.w.org\/{rel}","templated":true}]}}