{"id":6697,"date":"2018-02-20T17:34:58","date_gmt":"2018-02-20T17:34:58","guid":{"rendered":"https:\/\/polskigrill.com\/produkty\/neza\u0159azen\u00e9\/kovane-ohniste-pro-grilovani\/"},"modified":"2018-02-20T17:34:58","modified_gmt":"2018-02-20T17:34:58","slug":"kovane-ohniste-pro-grilovani","status":"publish","type":"product","link":"https:\/\/polskigrill.com\/cs\/product\/kovane-ohniste-pro-grilovani\/","title":{"rendered":"Kovan\u00e9 ohni\u0161t\u011b pro grilov\u00e1n\u00ed"},"content":{"rendered":"<p><strong>Zahradn\u00ed ohni\u0161t\u011b<\/strong> KUTE je ide\u00e1ln\u00edm \u0159e\u0161en\u00edm pro ty, kte\u0159\u00ed nemaj\u00ed vyhrazen\u00e9 ohni\u0161t\u011b. D\u00edky stylov\u00e9mu zpracov\u00e1n\u00ed s kovan\u00fdmi prvky ohni\u0161t\u011b velmi dob\u0159e lad\u00ed s <a href=\"https:\/\/polskigrill.com\/pl\/product\/grill-na-trojnogu\/\">trojno\u017ekov\u00fdm grilem KUTY.<\/a> <\/p>\n<p>Je to pohodln\u00fd a bezpe\u010dn\u00fd zp\u016fsob, jak zap\u00e1lit ohe\u0148 kdekoli, ani\u017e by se zni\u010dila zahrada. T\u00e1bor\u00e1ky umo\u017e\u0148uj\u00ed vymezit trval\u00e9 ohni\u0161t\u011b, kter\u00e9 mimochodem denn\u011b lahod\u00ed oku. <\/p>\n<p>Klasick\u00e9ho vzhledu jsme dos\u00e1hli pou\u017eit\u00edm kov\u00e1\u0159sk\u00e9ho sortimentu a za\u010dlen\u011bn\u00edm grav\u00edrovan\u00e9ho okraje a kovan\u00fdch prvk\u016f jako nohou a \u00fachyt\u016f.<\/p>\n<p>K dispozici jsou pr\u016fm\u011bry od 60 cm do 100 cm, tak\u017ee si m\u016f\u017eete vybrat ten spr\u00e1vn\u00fd produkt pro sv\u00e9 pot\u0159eby. Z\u00e1kladna krbu je vyrobena z 3 mm siln\u00e9ho plechu, kter\u00fd umo\u017en\u00ed dlouhodob\u00e9 pou\u017e\u00edv\u00e1n\u00ed krbu. <\/p>\n<p>Ohni\u0161t\u011b je vyrobeno ze siln\u00e9ho plechu, kter\u00fd zajist\u00ed dlouhou \u017eivotnost a pou\u017eitelnost po mnoho let. Otvor uprost\u0159ed ohni\u0161t\u011b odv\u00e1d\u00ed stoj\u00edc\u00ed vodu. Ohni\u0161t\u011b stoj\u00ed na 3 stabiln\u00edch noh\u00e1ch.<\/p>\n","protected":false},"excerpt":{"rendered":"<p>Zahradn\u00ed ohni\u0161t\u011b KUTE je ide\u00e1ln\u00edm \u0159e\u0161en\u00edm pro ty, kte\u0159\u00ed nemaj\u00ed vyhrazen\u00e9 ohni\u0161t\u011b. D\u00edky stylov\u00e9mu zpracov\u00e1n\u00ed s kovan\u00fdmi prvky ohni\u0161t\u011b velmi dob\u0159e lad\u00ed s trojno\u017ekov\u00fdm grilem KUTY.<span class=\"excerpt-hellip\"> [\u2026]<\/span><\/p>\n","protected":false},"featured_media":2798,"comment_status":"open","ping_status":"closed","template":"","meta":[],"product_brand":[],"product_cat":[321],"product_tag":[],"class_list":{"0":"post-6697","1":"product","2":"type-product","3":"status-publish","4":"has-post-thumbnail","6":"product_cat-zahradni-krby","8":"first","9":"instock","10":"taxable","11":"shipping-taxable","12":"purchasable","13":"product-type-variable","14":"has-default-attributes"},"_links":{"self":[{"href":"https:\/\/polskigrill.com\/cs\/wp-json\/wp\/v2\/product\/6697","targetHints":{"allow":["GET"]}}],"collection":[{"href":"https:\/\/polskigrill.com\/cs\/wp-json\/wp\/v2\/product"}],"about":[{"href":"https:\/\/polskigrill.com\/cs\/wp-json\/wp\/v2\/types\/product"}],"replies":[{"embeddable":true,"href":"https:\/\/polskigrill.com\/cs\/wp-json\/wp\/v2\/comments?post=6697"}],"wp:featuredmedia":[{"embeddable":true,"href":"https:\/\/polskigrill.com\/cs\/wp-json\/wp\/v2\/media\/2798"}],"wp:attachment":[{"href":"https:\/\/polskigrill.com\/cs\/wp-json\/wp\/v2\/media?parent=6697"}],"wp:term":[{"taxonomy":"product_brand","embeddable":true,"href":"https:\/\/polskigrill.com\/cs\/wp-json\/wp\/v2\/product_brand?post=6697"},{"taxonomy":"product_cat","embeddable":true,"href":"https:\/\/polskigrill.com\/cs\/wp-json\/wp\/v2\/product_cat?post=6697"},{"taxonomy":"product_tag","embeddable":true,"href":"https:\/\/polskigrill.com\/cs\/wp-json\/wp\/v2\/product_tag?post=6697"}],"curies":[{"name":"wp","href":"https:\/\/api.w.org\/{rel}","templated":true}]}}