{"id":6695,"date":"2018-02-20T17:22:16","date_gmt":"2018-02-20T17:22:16","guid":{"rendered":"https:\/\/polskigrill.com\/produkty\/neza\u0159azen\u00e9\/ocelovy-krb-ignis\/"},"modified":"2018-02-20T17:22:16","modified_gmt":"2018-02-20T17:22:16","slug":"ocelovy-krb-ignis","status":"publish","type":"product","link":"https:\/\/polskigrill.com\/cs\/product\/ocelovy-krb-ignis\/","title":{"rendered":"Ocelov\u00fd krb IGNIS"},"content":{"rendered":"<p><strong>Ocelov\u00e9 ohni\u0161t\u011b<\/strong> IGNIS je minimalistick\u00fd model, kter\u00fd spln\u00ed sv\u016fj \u00fa\u010del, kdy\u017e je um\u00edst\u011bn pod trojno\u017ekou nebo jako voln\u011b stoj\u00edc\u00ed ohni\u0161t\u011b pro rozd\u011bl\u00e1v\u00e1n\u00ed ohn\u011b p\u0159i setk\u00e1n\u00edch s bl\u00edzk\u00fdmi. Vysok\u00fd okraj ohni\u0161t\u011b v\u00e1m umo\u017en\u00ed vychutnat si pohled na ohe\u0148 bez jak\u00fdchkoli obav. Ohni\u0161t\u011b stoj\u00ed na t\u0159ech stabiln\u00edch noh\u00e1ch. Ergonomick\u00e9 rukojeti umo\u017e\u0148uj\u00ed snadn\u00e9 p\u0159en\u00e1\u0161en\u00ed ohni\u0161t\u011b jednou osobou.   <\/p>\n<p>Dostupn\u00e9 pr\u016fm\u011bry: Pr\u016fm\u011bry: 60 cm, 70 cm, 80 cm, 90 cm.<\/p>\n<p>V\u00fd\u0161ka ohni\u0161t\u011b: 31 cm<\/p>\n","protected":false},"excerpt":{"rendered":"<p>Ocelov\u00e9 ohni\u0161t\u011b IGNIS je minimalistick\u00fd model, kter\u00fd spln\u00ed sv\u016fj \u00fa\u010del, kdy\u017e je um\u00edst\u011bn pod trojno\u017ekou nebo jako voln\u011b stoj\u00edc\u00ed ohni\u0161t\u011b pro rozd\u011bl\u00e1v\u00e1n\u00ed ohn\u011b p\u0159i setk\u00e1n\u00edch s<span class=\"excerpt-hellip\"> [\u2026]<\/span><\/p>\n","protected":false},"featured_media":2912,"comment_status":"open","ping_status":"closed","template":"","meta":[],"product_brand":[],"product_cat":[321],"product_tag":[],"class_list":{"0":"post-6695","1":"product","2":"type-product","3":"status-publish","4":"has-post-thumbnail","6":"product_cat-zahradni-krby","8":"first","9":"onbackorder","10":"taxable","11":"shipping-taxable","12":"purchasable","13":"product-type-variable"},"_links":{"self":[{"href":"https:\/\/polskigrill.com\/cs\/wp-json\/wp\/v2\/product\/6695","targetHints":{"allow":["GET"]}}],"collection":[{"href":"https:\/\/polskigrill.com\/cs\/wp-json\/wp\/v2\/product"}],"about":[{"href":"https:\/\/polskigrill.com\/cs\/wp-json\/wp\/v2\/types\/product"}],"replies":[{"embeddable":true,"href":"https:\/\/polskigrill.com\/cs\/wp-json\/wp\/v2\/comments?post=6695"}],"wp:featuredmedia":[{"embeddable":true,"href":"https:\/\/polskigrill.com\/cs\/wp-json\/wp\/v2\/media\/2912"}],"wp:attachment":[{"href":"https:\/\/polskigrill.com\/cs\/wp-json\/wp\/v2\/media?parent=6695"}],"wp:term":[{"taxonomy":"product_brand","embeddable":true,"href":"https:\/\/polskigrill.com\/cs\/wp-json\/wp\/v2\/product_brand?post=6695"},{"taxonomy":"product_cat","embeddable":true,"href":"https:\/\/polskigrill.com\/cs\/wp-json\/wp\/v2\/product_cat?post=6695"},{"taxonomy":"product_tag","embeddable":true,"href":"https:\/\/polskigrill.com\/cs\/wp-json\/wp\/v2\/product_tag?post=6695"}],"curies":[{"name":"wp","href":"https:\/\/api.w.org\/{rel}","templated":true}]}}