{"id":6674,"date":"2018-03-19T15:00:32","date_gmt":"2018-03-19T15:00:32","guid":{"rendered":"https:\/\/polskigrill.com\/produkty\/neza\u0159azen\u00e9\/lano-z-nerezove-oceli-25-m\/"},"modified":"2018-03-19T15:00:32","modified_gmt":"2018-03-19T15:00:32","slug":"lano-z-nerezove-oceli-25-m","status":"publish","type":"product","link":"https:\/\/polskigrill.com\/cs\/product\/lano-z-nerezove-oceli-25-m\/","title":{"rendered":"Lano z nerezov\u00e9 oceli 2,5 m"},"content":{"rendered":"<p>M\u011bkk\u00e9 3 mm siln\u00e9 lano z nerezov\u00e9 oceli s kroucen\u00fdmi &#8222;u\u0161ima&#8220; na konc\u00edch - lano nejl\u00e9pe funguje s na\u0161\u00ed klikou, se kterou tvo\u0159\u00ed tich\u00fd mechanismus pro zved\u00e1n\u00ed a spou\u0161t\u011bn\u00ed grilovac\u00edch ro\u0161t\u016f.<\/p>\n<p>D\u00e9lka lana: <strong>250 cm<\/strong><br \/>\nTlou\u0161\u0165ka lana: <strong>3 mm<\/strong><\/p>\n","protected":false},"excerpt":{"rendered":"<p>M\u011bkk\u00e9 3 mm siln\u00e9 lano z nerezov\u00e9 oceli s kroucen\u00fdmi &#8222;u\u0161ima&#8220; na konc\u00edch - lano nejl\u00e9pe funguje s na\u0161\u00ed klikou, se kterou tvo\u0159\u00ed tich\u00fd mechanismus pro<span class=\"excerpt-hellip\"> [\u2026]<\/span><\/p>\n","protected":false},"featured_media":2999,"comment_status":"open","ping_status":"closed","template":"","meta":[],"product_brand":[],"product_cat":[333],"product_tag":[],"class_list":{"0":"post-6674","1":"product","2":"type-product","3":"status-publish","4":"has-post-thumbnail","6":"product_cat-pro-nadsence-do-kutilstvi","8":"first","9":"instock","10":"taxable","11":"shipping-taxable","12":"purchasable","13":"product-type-simple"},"_links":{"self":[{"href":"https:\/\/polskigrill.com\/cs\/wp-json\/wp\/v2\/product\/6674","targetHints":{"allow":["GET"]}}],"collection":[{"href":"https:\/\/polskigrill.com\/cs\/wp-json\/wp\/v2\/product"}],"about":[{"href":"https:\/\/polskigrill.com\/cs\/wp-json\/wp\/v2\/types\/product"}],"replies":[{"embeddable":true,"href":"https:\/\/polskigrill.com\/cs\/wp-json\/wp\/v2\/comments?post=6674"}],"wp:featuredmedia":[{"embeddable":true,"href":"https:\/\/polskigrill.com\/cs\/wp-json\/wp\/v2\/media\/2999"}],"wp:attachment":[{"href":"https:\/\/polskigrill.com\/cs\/wp-json\/wp\/v2\/media?parent=6674"}],"wp:term":[{"taxonomy":"product_brand","embeddable":true,"href":"https:\/\/polskigrill.com\/cs\/wp-json\/wp\/v2\/product_brand?post=6674"},{"taxonomy":"product_cat","embeddable":true,"href":"https:\/\/polskigrill.com\/cs\/wp-json\/wp\/v2\/product_cat?post=6674"},{"taxonomy":"product_tag","embeddable":true,"href":"https:\/\/polskigrill.com\/cs\/wp-json\/wp\/v2\/product_tag?post=6674"}],"curies":[{"name":"wp","href":"https:\/\/api.w.org\/{rel}","templated":true}]}}