{"id":6655,"date":"2019-04-07T10:20:26","date_gmt":"2019-04-07T10:20:26","guid":{"rendered":"https:\/\/polskigrill.com\/produkty\/neza\u0159azen\u00e9\/zahradni-krb-solid\/"},"modified":"2019-04-07T10:20:26","modified_gmt":"2019-04-07T10:20:26","slug":"zahradni-krb-solid","status":"publish","type":"product","link":"https:\/\/polskigrill.com\/cs\/product\/zahradni-krb-solid\/","title":{"rendered":"Zahradn\u00ed krb SOLID"},"content":{"rendered":"<p><strong>Zahradn\u00ed krb SOLID<\/strong> je minimalistick\u00fd a modern\u00ed tvar pro zahradu. St\u011bny ohni\u0161t\u011b jsou vyrobeny z 3 mm siln\u00e9ho plechu a nezmen\u0161uj\u00ed tak velikost vlastn\u00edho ohni\u0161t\u011b. Strany se\u0159\u00edznut\u00e9 pod m\u00edrn\u00fdm \u00fahlem vytv\u00e1\u0159ej\u00ed zaj\u00edmav\u00fd vizu\u00e1ln\u00ed efekt. Ohni\u0161t\u011b v\u00e1m umo\u017en\u00ed vytvo\u0159it na zahrad\u011b tepl\u00e9 m\u00edsto pro setk\u00e1v\u00e1n\u00ed s bl\u00edzk\u00fdmi.   <\/p>\n<p>Velikost pece: 70&#215;70 cm.<\/p>\n\n\t\t\t<style type='text\/css'>\n\t\t\t\t#sc_gallery-1 {\n\t\t\t\t\tmargin: auto;\n\t\t\t\t}\n\t\t\t\t#sc_gallery-1 .gallery-item {\n\t\t\t\t\tfloat: left;\n\t\t\t\t\ttext-align: center;\n\t\t\t\t\twidth: 49.99%;\n\t\t\t\t}\n\t\t\t\t#sc_gallery-1 img {\n\t\t\t\t\tborder: 2px solid #cfcfcf;\n\t\t\t\t}\n\t\t\t\t\/* see sc_gallery() in functions\/theme-shortcodes.php *\/\n\t\t\t<\/style>\n\t\t<div id='sc_gallery-1' class='gallery galleryid-6655 gallery-columns-2 gallery-size-medium none gallery-default'><dl class='gallery-item'  data-title='Palenisko SOLID - nowoczesne palenisko ogrodowe' data-description='Palenisko SOLID - nowoczesne palenisko ogrodowe'><div class='gallery-item-wrapper'>\n\t\t\t\t<dt class='gallery-icon landscape'>\n\t\t\t\t\t<img loading=\"lazy\" decoding=\"async\" width=\"500\" height=\"321\" src=\"https:\/\/polskigrill.com\/wp-content\/uploads\/2019\/04\/Palenisko-SOLID-nowoczesne-palenisko-ogrodowe-500x321.jpg\" class=\"attachment-medium size-medium\" alt=\"\" srcset=\"https:\/\/polskigrill.com\/wp-content\/uploads\/2019\/04\/Palenisko-SOLID-nowoczesne-palenisko-ogrodowe-500x321.jpg 500w, https:\/\/polskigrill.com\/wp-content\/uploads\/2019\/04\/Palenisko-SOLID-nowoczesne-palenisko-ogrodowe-300x193.jpg 300w, https:\/\/polskigrill.com\/wp-content\/uploads\/2019\/04\/Palenisko-SOLID-nowoczesne-palenisko-ogrodowe-117x75.jpg 117w, https:\/\/polskigrill.com\/wp-content\/uploads\/2019\/04\/Palenisko-SOLID-nowoczesne-palenisko-ogrodowe-480x309.jpg 480w\" sizes=\"auto, (max-width:767px) 480px, 500px\" \/>\n\t\t\t\t<\/dt><\/div><\/dl><dl class='gallery-item'  data-title='Palenisko ogrodowe SOLID - nowoczesne metalowe' data-description='Palenisko ogrodowe SOLID - nowoczesne metalowe'><div class='gallery-item-wrapper'>\n\t\t\t\t<dt class='gallery-icon landscape'>\n\t\t\t\t\t<img loading=\"lazy\" decoding=\"async\" width=\"500\" height=\"281\" src=\"https:\/\/polskigrill.com\/wp-content\/uploads\/2019\/02\/Wizualizacja_kwadrat-wysokie-bg-500x281.jpg\" class=\"attachment-medium size-medium\" alt=\"\" srcset=\"https:\/\/polskigrill.com\/wp-content\/uploads\/2019\/02\/Wizualizacja_kwadrat-wysokie-bg-500x281.jpg 500w, https:\/\/polskigrill.com\/wp-content\/uploads\/2019\/02\/Wizualizacja_kwadrat-wysokie-bg-300x169.jpg 300w, https:\/\/polskigrill.com\/wp-content\/uploads\/2019\/02\/Wizualizacja_kwadrat-wysokie-bg-133x75.jpg 133w, https:\/\/polskigrill.com\/wp-content\/uploads\/2019\/02\/Wizualizacja_kwadrat-wysokie-bg-480x270.jpg 480w\" sizes=\"auto, (max-width:767px) 480px, 500px\" \/>\n\t\t\t\t<\/dt><\/div><\/dl><br style=\"clear: both\" \/>\n\t\t\t<\/div>\n\n","protected":false},"excerpt":{"rendered":"<p><strong>Zahradn\u00ed krb SOLID<\/strong> je minimalistick\u00fd a modern\u00ed tvar pro zahradu. St\u011bny ohni\u0161t\u011b jsou vyrobeny z plechu a zmen\u0161uj\u00ed velikost vlastn\u00edho ohni\u0161t\u011b. Strany se\u0159\u00edznut\u00e9 pod m\u00edrn\u00fdm \u00fahlem vytv\u00e1\u0159ej\u00ed zaj\u00edmav\u00fd vizu\u00e1ln\u00ed efekt.  <\/p>\n<p>Velikost pece: 70&#215;70 cm.<\/p>\n<p>&nbsp;<\/p>\n","protected":false},"featured_media":3795,"comment_status":"open","ping_status":"closed","template":"","meta":[],"product_brand":[],"product_cat":[321],"product_tag":[],"class_list":{"0":"post-6655","1":"product","2":"type-product","3":"status-publish","4":"has-post-thumbnail","6":"product_cat-zahradni-krby","8":"first","9":"instock","10":"taxable","11":"shipping-taxable","12":"purchasable","13":"product-type-simple"},"_links":{"self":[{"href":"https:\/\/polskigrill.com\/cs\/wp-json\/wp\/v2\/product\/6655","targetHints":{"allow":["GET"]}}],"collection":[{"href":"https:\/\/polskigrill.com\/cs\/wp-json\/wp\/v2\/product"}],"about":[{"href":"https:\/\/polskigrill.com\/cs\/wp-json\/wp\/v2\/types\/product"}],"replies":[{"embeddable":true,"href":"https:\/\/polskigrill.com\/cs\/wp-json\/wp\/v2\/comments?post=6655"}],"wp:featuredmedia":[{"embeddable":true,"href":"https:\/\/polskigrill.com\/cs\/wp-json\/wp\/v2\/media\/3795"}],"wp:attachment":[{"href":"https:\/\/polskigrill.com\/cs\/wp-json\/wp\/v2\/media?parent=6655"}],"wp:term":[{"taxonomy":"product_brand","embeddable":true,"href":"https:\/\/polskigrill.com\/cs\/wp-json\/wp\/v2\/product_brand?post=6655"},{"taxonomy":"product_cat","embeddable":true,"href":"https:\/\/polskigrill.com\/cs\/wp-json\/wp\/v2\/product_cat?post=6655"},{"taxonomy":"product_tag","embeddable":true,"href":"https:\/\/polskigrill.com\/cs\/wp-json\/wp\/v2\/product_tag?post=6655"}],"curies":[{"name":"wp","href":"https:\/\/api.w.org\/{rel}","templated":true}]}}