{"id":6645,"date":"2021-04-07T16:28:56","date_gmt":"2021-04-07T16:28:56","guid":{"rendered":"https:\/\/polskigrill.com\/produkty\/neza\u0159azen\u00e9\/zahradni-krb-rectan-85-corten\/"},"modified":"2021-04-07T16:28:56","modified_gmt":"2021-04-07T16:28:56","slug":"zahradni-krb-rectan-85-corten","status":"publish","type":"product","link":"https:\/\/polskigrill.com\/cs\/product\/zahradni-krb-rectan-85-corten\/","title":{"rendered":"Zahradn\u00ed krb RECTAN 85 - CORTEN"},"content":{"rendered":"<p><strong>Ohni\u0161t\u011b RECTAN 85 CORTEN<\/strong> nen\u00ed jen m\u00edstem pro t\u00e1bor\u00e1k, ale skute\u010dnou ozdobou ka\u017ed\u00e9 zahrady nebo terasy. Ohni\u0161t\u011b je vyrobeno z tvrd\u011b rezav\u011bj\u00edc\u00ed kortenov\u00e9 oceli a zaujme modern\u00edm designem a p\u0159\u00edrodn\u00edm vzhledem, kter\u00fd \u010dasem z\u00edsk\u00e1 kr\u00e1snou patinu. Ocel o tlou\u0161\u0165ce 2 a 3 mm zaru\u010duje odolnost pro dlouholet\u00e9 venkovn\u00ed pou\u017e\u00edv\u00e1n\u00ed.  <\/p>\n<p><strong>Ohni\u0161t\u011b z Cortenu<\/strong> se hod\u00ed do modern\u00edch i tradi\u010dn\u00edch zahrad, proto\u017ee jde o p\u0159\u00edrodn\u00ed a odoln\u00fd materi\u00e1l, kter\u00fd p\u016fsob\u00ed impozantn\u00edm dojmem a umo\u017e\u0148uje kolem n\u011bj navrhovat prostory pro voln\u00fd \u010das.<\/p>\n<p>Cortenov\u00e1 ocel je velmi vhodn\u00fdm materi\u00e1lem pro ohni\u0161t\u011b, kter\u00e9 nem\u00e1 probl\u00e9m s mechanick\u00fdm po\u0161kozen\u00edm, teplotou a pov\u011btrnostn\u00edmi podm\u00ednkami.<\/p>\n<p>V\u0161echny povrchy jsou sva\u0159ovan\u00e9 a brou\u0161en\u00e9 jako u v\u0161ech na\u0161ich v\u00fdrobk\u016f. Jen tak se sni\u017euje n\u00e1chylnost k deformaci vlivem teploty. Rozm\u011bry ohni\u0161t\u011b jsou 85&#215;85 cm a v\u00fd\u0161ka 26 cm.  <\/p>\n<p>K dispozici jsou tak\u00e9 <strong>ohni\u0161t\u011b z Cortenu s ro\u0161ty z<\/strong> nerezov\u00e9 oceli.<\/p>\n<p>&nbsp;<\/p>\n<p><em>V\u00fdrobky z oceli Corten se dod\u00e1vaj\u00ed v surov\u00e9m stavu. Patinov\u00fd povlak vznik\u00e1 samovoln\u011b vlivem pov\u011btrnostn\u00edch vliv\u016f. <\/em><\/p>\n","protected":false},"excerpt":{"rendered":"<p>Zahradn\u00ed krb RECTAN 85 CORTEN je ide\u00e1ln\u00ed volbou pro milovn\u00edky ve\u010dern\u00edch posezen\u00ed u ohn\u011b, kte\u0159\u00ed ocen\u00ed funk\u010dnost i jedine\u010dn\u00fd zahradn\u00ed design.<\/p>\n","protected":false},"featured_media":4191,"comment_status":"open","ping_status":"closed","template":"","meta":[],"product_brand":[],"product_cat":[296],"product_tag":[],"class_list":{"0":"post-6645","1":"product","2":"type-product","3":"status-publish","4":"has-post-thumbnail","6":"product_cat-krby-corten","7":"product_shipping_class-rectan-cs","9":"first","10":"instock","11":"taxable","12":"shipping-taxable","13":"purchasable","14":"product-type-simple"},"_links":{"self":[{"href":"https:\/\/polskigrill.com\/cs\/wp-json\/wp\/v2\/product\/6645","targetHints":{"allow":["GET"]}}],"collection":[{"href":"https:\/\/polskigrill.com\/cs\/wp-json\/wp\/v2\/product"}],"about":[{"href":"https:\/\/polskigrill.com\/cs\/wp-json\/wp\/v2\/types\/product"}],"replies":[{"embeddable":true,"href":"https:\/\/polskigrill.com\/cs\/wp-json\/wp\/v2\/comments?post=6645"}],"wp:featuredmedia":[{"embeddable":true,"href":"https:\/\/polskigrill.com\/cs\/wp-json\/wp\/v2\/media\/4191"}],"wp:attachment":[{"href":"https:\/\/polskigrill.com\/cs\/wp-json\/wp\/v2\/media?parent=6645"}],"wp:term":[{"taxonomy":"product_brand","embeddable":true,"href":"https:\/\/polskigrill.com\/cs\/wp-json\/wp\/v2\/product_brand?post=6645"},{"taxonomy":"product_cat","embeddable":true,"href":"https:\/\/polskigrill.com\/cs\/wp-json\/wp\/v2\/product_cat?post=6645"},{"taxonomy":"product_tag","embeddable":true,"href":"https:\/\/polskigrill.com\/cs\/wp-json\/wp\/v2\/product_tag?post=6645"}],"curies":[{"name":"wp","href":"https:\/\/api.w.org\/{rel}","templated":true}]}}