{"id":6619,"date":"2024-06-30T06:55:57","date_gmt":"2024-06-30T06:55:57","guid":{"rendered":"https:\/\/polskigrill.com\/produkty\/neza\u0159azen\u00e9\/quadra-80-nerezovy-gril-s-ohnistem-ocel-moderni\/"},"modified":"2025-03-09T12:08:20","modified_gmt":"2025-03-09T12:08:20","slug":"quadra-80-nerezovy-gril-s-ohnistem-ocel-moderni","status":"publish","type":"product","link":"https:\/\/polskigrill.com\/cs\/product\/quadra-80-nerezovy-gril-s-ohnistem-ocel-moderni\/","title":{"rendered":"QUADRA 80 nerezov\u00fd gril s ohni\u0161t\u011bm - ocel - modern\u00ed"},"content":{"rendered":"<p>Nerezov\u00fd gril QUADRA 80 se zahradn\u00edm ohni\u0161t\u011bm od spole\u010dnosti PolskiGrill je ide\u00e1ln\u00edm dopl\u0148kem na va\u0161i zahradu, kde si m\u016f\u017eete vytvo\u0159it ohni\u0161t\u011b. Je vyroben z oceli, sva\u0159en\u00fd a brou\u0161en\u00fd . D\u00edky sv\u00e9mu jedine\u010dn\u00e9mu designu se <strong>zahradn\u00ed ohni\u0161t\u011b<\/strong> QUADRA stane nejen zdrojem p\u0159\u00edjemn\u00e9ho tepla, ale tak\u00e9 v\u00fdraznou ozdobou va\u0161\u00ed zahrady.<br\/>V\u00fd\u0161kov\u00e9 nastaven\u00ed grilovac\u00edho ro\u0161tu vyb\u00edz\u00ed ke grilov\u00e1n\u00ed na d\u0159ev\u011b, co\u017e v\u00e1m umo\u017en\u00ed z\u00edskat tradi\u010dn\u00ed, kou\u0159ovou chu\u0165 masa a pokrm\u016f.  <\/p><p>\u0160\u00ed\u0159ka: 80 cm (61 cm uvnit\u0159);<br\/>Velikost ro\u0161tu: 50&#215;50 cm;<br\/>Barva: matn\u00e1 \u010dern\u00e1<\/p>","protected":false},"excerpt":{"rendered":"<p>Nerezov\u00fd gril QUADRA 80 se zahradn\u00edm ohni\u0161t\u011bm od spole\u010dnosti PolskiGrill je ide\u00e1ln\u00edm dopl\u0148kem na va\u0161i zahradu, kde si m\u016f\u017eete vytvo\u0159it ohni\u0161t\u011b. Je vyroben z oceli, sva\u0159en\u00fd<span class=\"excerpt-hellip\"> [\u2026]<\/span><\/p>\n","protected":false},"featured_media":4901,"comment_status":"open","ping_status":"closed","template":"","meta":[],"product_brand":[],"product_cat":[235,321],"product_tag":[324,325],"class_list":{"0":"post-6619","1":"product","2":"type-product","3":"status-publish","4":"has-post-thumbnail","6":"product_cat-zahradni-grilovani","7":"product_cat-zahradni-krby","8":"product_tag-krb","9":"product_tag-rost-cs","10":"product_shipping_class-rectan-cs","12":"first","13":"outofstock","14":"taxable","15":"shipping-taxable","16":"purchasable","17":"product-type-variable","18":"has-default-attributes"},"_links":{"self":[{"href":"https:\/\/polskigrill.com\/cs\/wp-json\/wp\/v2\/product\/6619","targetHints":{"allow":["GET"]}}],"collection":[{"href":"https:\/\/polskigrill.com\/cs\/wp-json\/wp\/v2\/product"}],"about":[{"href":"https:\/\/polskigrill.com\/cs\/wp-json\/wp\/v2\/types\/product"}],"replies":[{"embeddable":true,"href":"https:\/\/polskigrill.com\/cs\/wp-json\/wp\/v2\/comments?post=6619"}],"wp:featuredmedia":[{"embeddable":true,"href":"https:\/\/polskigrill.com\/cs\/wp-json\/wp\/v2\/media\/4901"}],"wp:attachment":[{"href":"https:\/\/polskigrill.com\/cs\/wp-json\/wp\/v2\/media?parent=6619"}],"wp:term":[{"taxonomy":"product_brand","embeddable":true,"href":"https:\/\/polskigrill.com\/cs\/wp-json\/wp\/v2\/product_brand?post=6619"},{"taxonomy":"product_cat","embeddable":true,"href":"https:\/\/polskigrill.com\/cs\/wp-json\/wp\/v2\/product_cat?post=6619"},{"taxonomy":"product_tag","embeddable":true,"href":"https:\/\/polskigrill.com\/cs\/wp-json\/wp\/v2\/product_tag?post=6619"}],"curies":[{"name":"wp","href":"https:\/\/api.w.org\/{rel}","templated":true}]}}