{"id":6396,"date":"2018-02-12T06:52:58","date_gmt":"2018-02-12T06:52:58","guid":{"rendered":"https:\/\/polskigrill.com\/produkty\/neza\u0159azen\u00e9\/kovany-trojnozkovy-gril-fireside\/"},"modified":"2025-03-09T12:25:01","modified_gmt":"2025-03-09T12:25:01","slug":"kovany-trojnozkovy-gril-fireside","status":"publish","type":"product","link":"https:\/\/polskigrill.com\/cs\/product\/kovany-trojnozkovy-gril-fireside\/","title":{"rendered":"Kovan\u00fd trojno\u017ekov\u00fd gril - Fireside"},"content":{"rendered":"<p><strong>Trojno\u017ekov\u00fd<\/strong> gril od spole\u010dnosti PolskiGrill je ide\u00e1ln\u00edm \u0159e\u0161en\u00edm pro ty, kte\u0159\u00ed maj\u00ed r\u00e1di r\u016fzn\u00e9 zp\u016fsoby grilov\u00e1n\u00ed na d\u0159ev\u011b i briket\u00e1ch. D\u00edky mo\u017enosti zav\u011b\u0161en\u00ed litinov\u00e9ho kotl\u00edku m\u016f\u017eete vyzkou\u0161et nov\u00e9 chut\u011b, kter\u00e9 lid\u00e9 ve va\u0161\u00ed spole\u010dnosti ocen\u00ed. M\u00e1te mo\u017enost vybrat si i ostatn\u00ed komponenty a sestavit si tak sadu, kter\u00e1 bude dokonale vyhovovat va\u0161im pot\u0159eb\u00e1m.  <\/p>\n<p>T\u0159i op\u011brn\u00e9 body zaji\u0161\u0165uj\u00ed stabilitu cel\u00e9 konstrukce v jak\u00e9mkoli ter\u00e9nu a p\u0159i uskladn\u011bn\u00ed grilu na zimn\u00ed obdob\u00ed ocen\u00edte polorozkl\u00e1dac\u00ed nohy. Gril spolu s kli\u010dkou umo\u017e\u0148uje jednoduch\u00e9 a pohodln\u00e9 nastaven\u00ed v\u00fd\u0161ky ro\u0161tu nad ohn\u011bm. Jedn\u00e1 se o nejmultifunk\u010dn\u011bj\u0161\u00ed gril, jak\u00fd byl kdy vyroben.  <\/p>\n<p>Sou\u010d\u00e1st\u00ed stativu je kabel z nerezov\u00e9 oceli, kter\u00fd zaji\u0161\u0165uje hladk\u00fd a tich\u00fd chod cel\u00e9ho za\u0159\u00edzen\u00ed. Ocelov\u00e9 ohni\u0161t\u011b, pokud je vy\u017eadov\u00e1no, je t\u0159eba vybrat zvl\u00e1\u0161\u0165 podle osobn\u00edch preferenc\u00ed - doporu\u010dujeme zvolit ohni\u0161t\u011b o 10 cm v\u011bt\u0161\u00ed ne\u017e ro\u0161t. <\/p>\n<p>Technick\u00e9 \u00fadaje:<\/p>\n<ul> \t<\/p>\n<li>v\u00fd\u0161ka nohy m\u011b\u0159en\u00e1 v p\u0159\u00edmce: <strong>215 cm<\/strong><\/li>\n<p> \t<\/p>\n<li>tlou\u0161\u0165ka nohy: <strong>2 cm<\/strong><\/li>\n<p> \t<\/p>\n<li>skl\u00e1dac\u00ed stativ: <strong>ano<\/strong><\/li>\n<p> \t<\/p>\n<li>nastaven\u00ed v\u00fd\u0161ky: <strong>kli\u010dka<\/strong><\/li>\n<p> \t<\/p>\n<li>rozte\u010d nohou: <strong>nastaviteln\u00e1<\/strong><\/li>\n<p> \t<\/p>\n<li>hmotnost: <strong>12 kg<\/strong> (samotn\u00fd stativ)<\/li>\n<p> \t<\/p>\n<li>zakon\u010den\u00e9 kovan\u00fdmi hroty<\/li>\n<p><\/ul>\n<h6><em>\u0160t\u00edtky: cik\u00e1nsk\u00fd gril, grilov\u00e1n\u00ed u t\u00e1bor\u00e1ku, zahradn\u00ed stativ, grilov\u00e1n\u00ed nad hlavou<\/em><\/h6>\n","protected":false},"excerpt":{"rendered":"<p><strong>Trojno\u017ekov\u00fd gril Wrought<\/strong>, je ide\u00e1ln\u00edm \u0159e\u0161en\u00edm pro lidi, kte\u0159\u00ed maj\u00ed r\u00e1di r\u016fzn\u00e9 zp\u016fsoby grilov\u00e1n\u00ed na d\u0159ev\u011b i briket\u00e1ch. Jedn\u00e1 se o nejmultifunk\u010dn\u011bj\u0161\u00ed gril, jak\u00fd byl kdy vyroben. <\/p>\n<p>S mo\u017enost\u00ed zav\u011b\u0161en\u00e9ho litinov\u00e9ho kotl\u00edku m\u016f\u017eete vyzkou\u0161et nov\u00e9 chut\u011b, kter\u00e9 ocen\u00ed v\u0161ichni \u010dlenov\u00e9 va\u0161\u00ed spole\u010dnosti. P\u0159izp\u016fsobte gril sv\u00fdm pot\u0159eb\u00e1m a zvolte si po\u017eadovan\u00fd pr\u016fm\u011br ro\u0161tu. <\/p>\n","protected":false},"featured_media":2989,"comment_status":"open","ping_status":"closed","template":"","meta":[],"product_brand":[],"product_cat":[235],"product_tag":[],"class_list":{"0":"post-6396","1":"product","2":"type-product","3":"status-publish","4":"has-post-thumbnail","6":"product_cat-zahradni-grilovani","8":"first","9":"instock","10":"featured","11":"taxable","12":"shipping-taxable","13":"purchasable","14":"product-type-variable","15":"has-default-attributes"},"_links":{"self":[{"href":"https:\/\/polskigrill.com\/cs\/wp-json\/wp\/v2\/product\/6396","targetHints":{"allow":["GET"]}}],"collection":[{"href":"https:\/\/polskigrill.com\/cs\/wp-json\/wp\/v2\/product"}],"about":[{"href":"https:\/\/polskigrill.com\/cs\/wp-json\/wp\/v2\/types\/product"}],"replies":[{"embeddable":true,"href":"https:\/\/polskigrill.com\/cs\/wp-json\/wp\/v2\/comments?post=6396"}],"wp:featuredmedia":[{"embeddable":true,"href":"https:\/\/polskigrill.com\/cs\/wp-json\/wp\/v2\/media\/2989"}],"wp:attachment":[{"href":"https:\/\/polskigrill.com\/cs\/wp-json\/wp\/v2\/media?parent=6396"}],"wp:term":[{"taxonomy":"product_brand","embeddable":true,"href":"https:\/\/polskigrill.com\/cs\/wp-json\/wp\/v2\/product_brand?post=6396"},{"taxonomy":"product_cat","embeddable":true,"href":"https:\/\/polskigrill.com\/cs\/wp-json\/wp\/v2\/product_cat?post=6396"},{"taxonomy":"product_tag","embeddable":true,"href":"https:\/\/polskigrill.com\/cs\/wp-json\/wp\/v2\/product_tag?post=6396"}],"curies":[{"name":"wp","href":"https:\/\/api.w.org\/{rel}","templated":true}]}}