{"id":6247,"date":"2018-03-19T14:56:03","date_gmt":"2018-03-19T14:56:03","guid":{"rendered":"https:\/\/polskigrill.com\/produkty\/neza\u0159azen\u00e9\/cikansky-kotel-litinovy-6l\/"},"modified":"2018-03-19T14:56:03","modified_gmt":"2018-03-19T14:56:03","slug":"cikansky-kotel-litinovy-6l","status":"publish","type":"product","link":"https:\/\/polskigrill.com\/cs\/product\/cikansky-kotel-litinovy-6l\/","title":{"rendered":"Cik\u00e1nsk\u00fd kotel - litinov\u00fd 6L"},"content":{"rendered":"<p>Cik\u00e1nsk\u00fd <strong>litinov\u00fd kotl\u00edk<\/strong> je dokonal\u00fdm dopl\u0148kem a zpest\u0159en\u00edm ve\u010dern\u00edho grilov\u00e1n\u00ed. P\u0159\u00edprava cik\u00e1nsk\u00e9ho kotl\u00edku je \u010dinnost, kter\u00e1 zapoj\u00ed v\u0161echny \u00fa\u010dastn\u00edky. Je vyroben z litiny, tak\u017ee vyd\u00e1v\u00e1 rovnom\u011brn\u00fd \u017e\u00e1r. Jedn\u00e1 se o surovou litinu, kter\u00e1 nen\u00ed pota\u017eena \u0161kodliv\u00fdmi n\u00e1t\u011bry.<\/p>\n","protected":false},"excerpt":{"rendered":"<p>Cik\u00e1nsk\u00fd litinov\u00fd kotl\u00edk je dokonal\u00fdm dopl\u0148kem a zpest\u0159en\u00edm ve\u010dern\u00edho grilov\u00e1n\u00ed. P\u0159\u00edprava cik\u00e1nsk\u00e9ho kotl\u00edku je \u010dinnost, kter\u00e1 zapoj\u00ed v\u0161echny \u00fa\u010dastn\u00edky. Je vyroben z litiny, tak\u017ee vyd\u00e1v\u00e1 rovnom\u011brn\u00fd<span class=\"excerpt-hellip\"> [\u2026]<\/span><\/p>\n","protected":false},"featured_media":2997,"comment_status":"open","ping_status":"closed","template":"","meta":[],"product_brand":[],"product_cat":[233],"product_tag":[],"class_list":{"0":"post-6247","1":"product","2":"type-product","3":"status-publish","4":"has-post-thumbnail","6":"product_cat-litinove-konvice","8":"first","9":"outofstock","10":"taxable","11":"shipping-taxable","12":"purchasable","13":"product-type-simple"},"_links":{"self":[{"href":"https:\/\/polskigrill.com\/cs\/wp-json\/wp\/v2\/product\/6247","targetHints":{"allow":["GET"]}}],"collection":[{"href":"https:\/\/polskigrill.com\/cs\/wp-json\/wp\/v2\/product"}],"about":[{"href":"https:\/\/polskigrill.com\/cs\/wp-json\/wp\/v2\/types\/product"}],"replies":[{"embeddable":true,"href":"https:\/\/polskigrill.com\/cs\/wp-json\/wp\/v2\/comments?post=6247"}],"wp:featuredmedia":[{"embeddable":true,"href":"https:\/\/polskigrill.com\/cs\/wp-json\/wp\/v2\/media\/2997"}],"wp:attachment":[{"href":"https:\/\/polskigrill.com\/cs\/wp-json\/wp\/v2\/media?parent=6247"}],"wp:term":[{"taxonomy":"product_brand","embeddable":true,"href":"https:\/\/polskigrill.com\/cs\/wp-json\/wp\/v2\/product_brand?post=6247"},{"taxonomy":"product_cat","embeddable":true,"href":"https:\/\/polskigrill.com\/cs\/wp-json\/wp\/v2\/product_cat?post=6247"},{"taxonomy":"product_tag","embeddable":true,"href":"https:\/\/polskigrill.com\/cs\/wp-json\/wp\/v2\/product_tag?post=6247"}],"curies":[{"name":"wp","href":"https:\/\/api.w.org\/{rel}","templated":true}]}}